{"id":1820,"date":"2019-03-22T21:19:45","date_gmt":"2019-03-22T20:19:45","guid":{"rendered":"http:\/\/62.116.185.136\/wordpress\/?page_id=1820"},"modified":"2019-03-23T03:09:08","modified_gmt":"2019-03-23T02:09:08","slug":"mitglied-werden","status":"publish","type":"page","link":"https:\/\/www.tsv-buchbach.de\/fussball\/fans\/mitglied-werden\/","title":{"rendered":"Mitglied werden"},"content":{"rendered":"<div class=\"wpb-content-wrapper\"><p>[vc_row css=&#8220;.vc_custom_1553286234569{margin-top: 40px !important;}&#8220;][vc_column][vc_column_text]<\/p>\n<h2 style=\"line-height: 48px;\"><span style=\"color: #b81221;\">CLUB DER 100 \/ CLUB der 1000<\/span><\/h2>\n<p>[\/vc_column_text][\/vc_column][\/vc_row][vc_row full_width=&#8220;stretch_row&#8220; css=&#8220;.vc_custom_1553286223138{padding-top: 45px !important;padding-bottom: 20px !important;background-color: #f9f9f9 !important;}&#8220;][vc_column width=&#8220;1\/2&#8243;][vc_column_text]Wir verstehen uns als eine F\u00f6rdervereinigung, die durch ihre j\u00e4hrliche Spende die Fu\u00dfballabteilung des TSV Buchbach unterst\u00fctzt. Der Fu\u00dfballsport vermittelt insbesondere an die jungen Sportlerinnen und Sportler Werte. Respekt, Disziplin, aber auch Freude am Sport, Teil einer Gemeinschaft zu sein, miteinander Erfolg zu haben und sich daran zu erfreuen, das betrachten wir als sehr wichtige Grundsteine f\u00fcr eine gedeihliche Entwicklung von Charakteren. Genau darauf ist auch die Philosophie der Arbeit in der Buchbacher Fu\u00dfballabteilung ausgerichtet. Das wollen wir nach Kr\u00e4ften unterst\u00fctzen.[\/vc_column_text][vc_column_text][\/vc_column_text][\/vc_column][vc_column width=&#8220;1\/2&#8243;][vc_column_text]<\/p>\n<h2 style=\"line-height: 48px;\"><span style=\"color: #b81221;\">MITGLIEDS<\/span>VORTEILE<\/h2>\n<p>[\/vc_column_text][stm_icon_list list_type=&#8220;font&#8220; circle_bg=&#8220;enable&#8220; title=&#8220;fa fa-futbol-o&#8220;]<\/p>\n<ul>\n<li>Exklusive Berichterstattung zur sportlichen Entwicklung in zwei &#8222;Club-Versammlungen&#8220; pro Jahr<\/li>\n<li>Verminderte Preise f\u00fcr die Jahreskarten<\/li>\n<li>Aushang der Mitgliederliste im Sportheim, Abdruck in der Rot-Wei\u00dfen sowie Ver\u00f6ffentlichung auf der Vereinshomepage<\/li>\n<\/ul>\n<p>[\/stm_icon_list][\/vc_column][\/vc_row][vc_row][vc_column][vc_column_text]\u00dcber Jahrzehnte hinweg wird bei den Rot-Weissen hart und erfolgreich gearbeitet. Sowohl im Junioren- als auch im Seniorenbereich. Wir haben erkannt, dass sich die vielf\u00e4ltigen Aufgaben, die diese Erfolge mit sich bringen, nicht von selbst bewerkstelligen lassen. Trotz all des gro\u00dfartigen ehrenamtlichen Engagements von ganz vielen Trainerinnen und Trainern, Betreuerinnen und Betreuern, Helferinnen und Helfern braucht es auch ein gesundes finanzielles Fundament, damit der TSV Buchbach weiterhin so erfolgreich arbeiten kann. Wir m\u00f6chten mit unserem finanziellen Engagement ein Bestandteil dieses Fundamentes sein.<\/p>\n<p>Schon viele haben sich als F\u00f6rderer dieser Idee angeschlossen. Und je mehr wir sind, desto gr\u00f6\u00dfer ist die Wirkung zu Gunsten des TSV Buchbach. Wir freuen uns \u00fcber jeden, der sich uns anschlie\u00dft.<\/p>\n<p>Das Motto \u201eMia san Kult\u201c der Buchbacher Fu\u00dfballer k\u00f6nnen Sie mit Ihrer Mitgliedschaft unterst\u00fctzend zum Ausdruck bringen. Und Sie bekommen dar\u00fcber hinaus in regelm\u00e4\u00dfigen Versammlungen Informationen aus erster Hand, die so mancher Fan nicht aus der Zeitung erf\u00e4hrt. Also nichts wie los. Unterst\u00fctzen Sie durch Ihre Mitgliedschaft im Club der 100 \/ Club der 1000 die Arbeit der Fu\u00dfballabteilung des TSV Buchbach.[\/vc_column_text][\/vc_column][\/vc_row]<\/p>\n<\/div>","protected":false},"excerpt":{"rendered":"<p>[vc_row css=&#8220;.vc_custom_1553286234569{margin-top: 40px !important;}&#8220;][vc_column][vc_column_text] CLUB DER 100 \/ CLUB der 1000 [\/vc_column_text][\/vc_column][\/vc_row][vc_row full_width=&#8220;stretch_row&#8220; css=&#8220;.vc_custom_1553286223138{padding-top: 45px !important;padding-bottom: 20px !important;background-color: #f9f9f9 !important;}&#8220;][vc_column width=&#8220;1\/2&#8243;][vc_column_text]Wir verstehen uns als eine F\u00f6rdervereinigung, die durch ihre j\u00e4hrliche&#8230;<\/p>\n","protected":false},"author":1,"featured_media":0,"parent":1950,"menu_order":0,"comment_status":"closed","ping_status":"closed","template":"","meta":{"footnotes":""},"class_list":["post-1820","page","type-page","status-publish","hentry"],"_links":{"self":[{"href":"https:\/\/www.tsv-buchbach.de\/fussball\/wp-json\/wp\/v2\/pages\/1820","targetHints":{"allow":["GET"]}}],"collection":[{"href":"https:\/\/www.tsv-buchbach.de\/fussball\/wp-json\/wp\/v2\/pages"}],"about":[{"href":"https:\/\/www.tsv-buchbach.de\/fussball\/wp-json\/wp\/v2\/types\/page"}],"author":[{"embeddable":true,"href":"https:\/\/www.tsv-buchbach.de\/fussball\/wp-json\/wp\/v2\/users\/1"}],"replies":[{"embeddable":true,"href":"https:\/\/www.tsv-buchbach.de\/fussball\/wp-json\/wp\/v2\/comments?post=1820"}],"version-history":[{"count":6,"href":"https:\/\/www.tsv-buchbach.de\/fussball\/wp-json\/wp\/v2\/pages\/1820\/revisions"}],"predecessor-version":[{"id":1826,"href":"https:\/\/www.tsv-buchbach.de\/fussball\/wp-json\/wp\/v2\/pages\/1820\/revisions\/1826"}],"up":[{"embeddable":true,"href":"https:\/\/www.tsv-buchbach.de\/fussball\/wp-json\/wp\/v2\/pages\/1950"}],"wp:attachment":[{"href":"https:\/\/www.tsv-buchbach.de\/fussball\/wp-json\/wp\/v2\/media?parent=1820"}],"curies":[{"name":"wp","href":"https:\/\/api.w.org\/{rel}","templated":true}]}}