{"id":2062,"date":"2019-12-18T18:09:04","date_gmt":"2019-12-18T17:09:04","guid":{"rendered":"http:\/\/62.116.185.136\/wordpress\/?page_id=2062"},"modified":"2025-11-27T11:17:38","modified_gmt":"2025-11-27T10:17:38","slug":"junioren","status":"publish","type":"page","link":"https:\/\/www.tsv-buchbach.de\/fussball\/junioren\/","title":{"rendered":"Junioren"},"content":{"rendered":"<div class=\"wpb-content-wrapper\"><p>[vc_row][vc_column][vc_custom_heading text=&#8220;&#8220;][vc_custom_heading text=&#8220;Spielgemeinschaft GOSB&#8220; font_container=&#8220;tag:h3|text_align:left|color:%23ffffff&#8220; use_theme_fonts=&#8220;yes&#8220; css=&#8220;.vc_custom_1589185352815{margin-bottom: 25px !important;border-left-width: 3px !important;padding-left: 8px !important;border-left-color: #dd3333 !important;}&#8220; el_class=&#8220;h3-border&#8220;][\/vc_column][\/vc_row][vc_row][vc_column width=&#8220;1\/2&#8243;][vc_single_image image=&#8220;9003&#8243; img_size=&#8220;medium&#8220; alignment=&#8220;center&#8220; onclick=&#8220;custom_link&#8220; img_link_target=&#8220;_blank&#8220; link=&#8220;http:\/\/sg-gosb.de\/&#8220;][\/vc_column][vc_column width=&#8220;1\/2&#8243;][vc_column_text]Seit vielen Jahren sind die TSV-Junioren teil der Spielgemeinschaft Buchbach-Obertaufkirchen. Aufgrund des schleichenden R\u00fcckgangs von Juniorenspielern im Fu\u00dfball und diverser anderer Faktoren entschloss man sich mit der benachbarten Spielgemeinschaft Schwindegg-Gr\u00fcntegernbach zu fusionieren.\u00a0Am 01.07.2018 gr\u00fcndete sich die SG GOSB aus den vier Vereinen TSV Gr\u00fcntegernbach, TSV Obertaufkirchen, SV Schwindegg und TSV Buchbach. Mit dieser Entscheidung trugen die Verantwortlichen dazu bei, dass der Juniorenfu\u00dfball in diesen Gemeindegebieten zukunftsf\u00e4hig bleibt und k\u00fcnftig auch erfolgreicher sein wird.[\/vc_column_text][\/vc_column][\/vc_row][vc_row css=&#8220;.vc_custom_1576689491732{margin-top: 30px !important;}&#8220;][vc_column][vc_custom_heading text=&#8220;DFB-St\u00fctzpunkt&#8220; font_container=&#8220;tag:h3|text_align:left|color:%23ffffff&#8220; use_theme_fonts=&#8220;yes&#8220; css=&#8220;.vc_custom_1589185506751{margin-bottom: 25px !important;border-left-width: 3px !important;padding-left: 8px !important;border-left-color: #dd3333 !important;}&#8220; el_class=&#8220;h3-border&#8220; link=&#8220;url:https%3A%2F%2Fwww.tsv-buchbach.de%2Ffussball%2Fdfb-stuetzpunkt%2F|||&#8220;][vc_single_image image=&#8220;2931&#8243; img_size=&#8220;medium&#8220; onclick=&#8220;custom_link&#8220; link=&#8220;https:\/\/www.tsv-buchbach.de\/fussball\/dfb-stuetzpunkt\/&#8220;][vc_custom_heading text=&#8220;&#8220; font_container=&#8220;tag:h3|text_align:left|color:%23ffffff&#8220; use_theme_fonts=&#8220;yes&#8220; css=&#8220;.vc_custom_1758554980156{margin-bottom: 25px !important;border-left-width: 3px !important;padding-left: 8px !important;border-left-color: #dd3333 !important;}&#8220; el_class=&#8220;h3-border&#8220;][\/vc_column][\/vc_row][vc_row][vc_column][vc_custom_heading text=&#8220;A1-Junioren (TSV Buchbach)&#8220; font_container=&#8220;tag:h3|text_align:left|color:%23ffffff&#8220; use_theme_fonts=&#8220;yes&#8220; css=&#8220;.vc_custom_1758554998676{margin-bottom: 25px !important;border-left-width: 3px !important;padding-left: 8px !important;border-left-color: #dd3333 !important;}&#8220; el_class=&#8220;h3-border&#8220;][vc_single_image image=&#8220;11078&#8243; img_size=&#8220;medium&#8220; onclick=&#8220;img_link_large&#8220;][vc_raw_html]JTNDZGl2JTIwaWQlM0QlMjJiZnYxNzYwNTEzMjU2NDE5JTIyJTNFTGFkZW4uLi4lM0MlMkZkaXYlM0UlMEElM0NzY3JpcHQlM0UlMEFCRlZXaWRnZXQuSFRNTDUuemVpZ2VXZXR0YmV3ZXJic1RhYmVsbGUlMjglMjIwMlRMN1M0TkxLMDAwMDA1VlM1NDg5QlRWVjAzNzIwSy1HJTIyJTJDJTIwJTIyYmZ2MTc2MDUxMzI1NjQxOSUyMiUyQyUyMCU3QiUyMGhlaWdodCUzQSUyMCUyMjYwMCUyMiUyQyUyMCUyMHdpZHRoJTNBJTIwJTIyMzAwJTIyJTIwJTJDJTIwdGVhbVBlcm1hbmVudElkJTNBJTIwJTIyMDFEVFNCMjlGUzAwMDAwMFZWMEFHODExVlRBOEZPOE4lMjIlMkMlMjBjb2xvclJlc3VsdHMlM0ElMjAlMjJ1bmRlZmluZWQlMjIlMjAlMkMlMjBjb2xvck5hdiUzQSUyMCUyMnVuZGVmaW5lZCUyMiUyMCUyQyUyMGNvbG9yQ2x1Yk5hbWUlMjAlM0ElMjAlMjJ1bmRlZmluZWQlMjIlMjAlMkMlMjBiYWNrZ3JvdW5kTmF2JTNBJTIwJTIydW5kZWZpbmVkJTIyJTdEJTI5JTNCJTBBJTNDJTJGc2NyaXB0JTNF[\/vc_raw_html][vc_column_text]Trainer: Daniel H\u00fcbner, Luca H\u00fcbner[\/vc_column_text][vc_custom_heading text=&#8220;A2-Junioren (SG Schwindegg \/ Gr\u00fcntegernbach \/ Obertaufkirchen \/<br \/>\nBuchbach)&#8220; font_container=&#8220;tag:h3|text_align:left|color:%23ffffff&#8220; use_theme_fonts=&#8220;yes&#8220; css=&#8220;.vc_custom_1758555016208{margin-bottom: 25px !important;border-left-width: 3px !important;padding-left: 8px !important;border-left-color: #dd3333 !important;}&#8220; el_class=&#8220;h3-border&#8220;][vc_single_image img_size=&#8220;medium&#8220; onclick=&#8220;img_link_large&#8220;][vc_column_text]Trainer: Stefan Scharinger, Andre Hampel[\/vc_column_text][\/vc_column][\/vc_row][vc_row][vc_column][vc_custom_heading text=&#8220;B-Junioren&#8220; font_container=&#8220;tag:h3|text_align:left|color:%23ffffff&#8220; use_theme_fonts=&#8220;yes&#8220; css=&#8220;.vc_custom_1758555056524{margin-bottom: 25px !important;border-left-width: 3px !important;padding-left: 8px !important;border-left-color: #dd3333 !important;}&#8220; el_class=&#8220;h3-border&#8220;][vc_single_image image=&#8220;11054&#8243; img_size=&#8220;medium&#8220; onclick=&#8220;img_link_large&#8220;][vc_column_text]Trainer: Niklas B\u00fcrger, Christoph Greimel[\/vc_column_text][\/vc_column][\/vc_row][vc_row css=&#8220;.vc_custom_1728719973533{margin-top: 40px !important;}&#8220;][vc_column][vc_custom_heading text=&#8220;B-Juniorinnen (SG Obertaufkirchen \/ Gr\u00fcntegernbach \/ Schwindegg \/ Buchbach)&#8220; font_container=&#8220;tag:h3|text_align:left|color:%23ffffff&#8220; use_theme_fonts=&#8220;yes&#8220; css=&#8220;.vc_custom_1576692189294{margin-bottom: 25px !important;border-left-width: 3px !important;padding-left: 8px !important;border-left-color: #dd3333 !important;}&#8220; el_class=&#8220;h3-border&#8220;][\/vc_column][\/vc_row][vc_row][vc_column][vc_column_text]Bild folgt[\/vc_column_text][vc_column_text]Trainer: Martin Bayer, Steffen Erdmann[\/vc_column_text][vc_single_image image=&#8220;11053&#8243; img_size=&#8220;medium&#8220;][\/vc_column][\/vc_row][vc_row css=&#8220;.vc_custom_1576692434634{margin-top: 40px !important;}&#8220;][vc_column][vc_custom_heading text=&#8220;C1-Junioren (TSV Buchbach)&#8220; font_container=&#8220;tag:h3|text_align:left|color:%23ffffff&#8220; use_theme_fonts=&#8220;yes&#8220; css=&#8220;.vc_custom_1600635013363{margin-bottom: 25px !important;border-left-width: 3px !important;padding-left: 8px !important;border-left-color: #dd3333 !important;}&#8220; el_class=&#8220;h3-border&#8220;][\/vc_column][\/vc_row][vc_row][vc_column][vc_single_image image=&#8220;10952&#8243; img_size=&#8220;medium&#8220;][vc_column_text]Trainer: Robert Nirschl, Martin Gruber[\/vc_column_text][\/vc_column][\/vc_row][vc_row][vc_column][vc_custom_heading text=&#8220;C2-Junioren (SG Schwindegg \/ Gr\u00fcntegernbach \/ Obertaufkirchen \/<br \/>\nBuchbach)&#8220; font_container=&#8220;tag:h3|text_align:left|color:%23ffffff&#8220; use_theme_fonts=&#8220;yes&#8220; css=&#8220;.vc_custom_1758555129212{margin-bottom: 25px !important;border-left-width: 3px !important;padding-left: 8px !important;border-left-color: #dd3333 !important;}&#8220; el_class=&#8220;h3-border&#8220;][vc_single_image image=&#8220;11079&#8243; img_size=&#8220;medium&#8220;][vc_column_text]Trainer: Michael Baumgartner, Maxi Mooshofer, Jakob Moser[\/vc_column_text][vc_custom_heading text=&#8220;C3-Junioren (SG Schwindegg \/ Gr\u00fcntegernbach \/ Obertaufkirchen \/<br \/>\nBuchbach&#8220; font_container=&#8220;tag:h3|text_align:left|color:%23ffffff&#8220; use_theme_fonts=&#8220;yes&#8220; css=&#8220;.vc_custom_1758555166876{margin-bottom: 25px !important;border-left-width: 3px !important;padding-left: 8px !important;border-left-color: #dd3333 !important;}&#8220; el_class=&#8220;h3-border&#8220;][vc_column_text]Trainer: Michael Pflanz, Mohamed Sow[\/vc_column_text][vc_single_image image=&#8220;11040&#8243; img_size=&#8220;medium&#8220;][\/vc_column][\/vc_row][vc_row css=&#8220;.vc_custom_1576692434634{margin-top: 40px !important;}&#8220;][vc_column][vc_custom_heading text=&#8220;C-Juniorinnen (SG Obertaufkirchen \/ Gr\u00fcntegernbach \/ Schwindegg \/ Buchbach)&#8220; font_container=&#8220;tag:h3|text_align:left|color:%23ffffff&#8220; use_theme_fonts=&#8220;yes&#8220; css=&#8220;.vc_custom_1661410035934{margin-bottom: 25px !important;border-left-width: 3px !important;padding-left: 8px !important;border-left-color: #dd3333 !important;}&#8220; el_class=&#8220;h3-border&#8220;][\/vc_column][\/vc_row][vc_row][vc_column][vc_single_image image=&#8220;8365&#8243; img_size=&#8220;medium&#8220; onclick=&#8220;img_link_large&#8220;][vc_column_text]Trainer: Veronika Auer, Thomas Sonnleitner[\/vc_column_text][\/vc_column][\/vc_row][vc_row css=&#8220;.vc_custom_1576692434634{margin-top: 40px !important;}&#8220;][vc_column][vc_custom_heading text=&#8220;D1-Junioren (SG Obertaufkirchen \/ Buchbach \/ Schwindegg)&#8220; font_container=&#8220;tag:h3|text_align:left|color:%23ffffff&#8220; use_theme_fonts=&#8220;yes&#8220; css=&#8220;.vc_custom_1758555219462{margin-bottom: 25px !important;border-left-width: 3px !important;padding-left: 8px !important;border-left-color: #dd3333 !important;}&#8220; el_class=&#8220;h3-border&#8220;][\/vc_column][\/vc_row][vc_row][vc_column][vc_single_image image=&#8220;11224&#8243; img_size=&#8220;medium&#8220; onclick=&#8220;img_link_large&#8220;][vc_column_text]Trainer: Max Hofst\u00e4tter, Thomas Schmid[\/vc_column_text][\/vc_column][\/vc_row][vc_row][vc_column][vc_custom_heading text=&#8220;D2-Junioren (SG Obertaufkirchen \/ Buchbach \/ Schwindegg)&#8220; font_container=&#8220;tag:h3|text_align:left|color:%23ffffff&#8220; use_theme_fonts=&#8220;yes&#8220; css=&#8220;.vc_custom_1758555251007{margin-bottom: 25px !important;border-left-width: 3px !important;padding-left: 8px !important;border-left-color: #dd3333 !important;}&#8220; el_class=&#8220;h3-border&#8220;][vc_single_image image=&#8220;11224&#8243; img_size=&#8220;medium&#8220;][vc_custom_heading text=&#8220;D3-Junioren (SG Obertaufkirchen \/ Buchbach \/ Schwindegg)&#8220; font_container=&#8220;tag:h3|text_align:left|color:%23ffffff&#8220; use_theme_fonts=&#8220;yes&#8220; css=&#8220;.vc_custom_1758555266619{margin-bottom: 25px !important;border-left-width: 3px !important;padding-left: 8px !important;border-left-color: #dd3333 !important;}&#8220; el_class=&#8220;h3-border&#8220;][vc_single_image image=&#8220;8343&#8243; img_size=&#8220;medium&#8220;][vc_column_text]Trainer: Alexander H\u00fcbner, Thomas Schmid[\/vc_column_text][\/vc_column][\/vc_row][vc_row][vc_column][vc_custom_heading text=&#8220;D-Juniorinnen&#8220; font_container=&#8220;tag:h3|text_align:left&#8220; use_theme_fonts=&#8220;yes&#8220; el_class=&#8220;h3-border&#8220; css=&#8220;.vc_custom_1758555817281{border-left-width: 3px !important;padding-left: 8px !important;border-left-color: #dd3333 !important;}&#8220;][vc_column_text]Trainer: Thomas Sonnleiter, Simon Matschi[\/vc_column_text][vc_single_image image=&#8220;11223&#8243; img_size=&#8220;medium&#8220;][\/vc_column][\/vc_row][vc_row css=&#8220;.vc_custom_1576692434634{margin-top: 40px !important;}&#8220;][vc_column][vc_custom_heading text=&#8220;E1-Junioren (SG Obertaufkirchen \/ Buchbach \/ Schwindegg)&#8220; font_container=&#8220;tag:h3|text_align:left|color:%23ffffff&#8220; use_theme_fonts=&#8220;yes&#8220; css=&#8220;.vc_custom_1758555878906{margin-bottom: 25px !important;border-left-width: 3px !important;padding-left: 8px !important;border-left-color: #dd3333 !important;}&#8220; el_class=&#8220;h3-border&#8220;][\/vc_column][\/vc_row][vc_row][vc_column][vc_single_image image=&#8220;11225&#8243; img_size=&#8220;medium&#8220; onclick=&#8220;img_link_large&#8220;][vc_column_text]Trainer: Fabian F\u00f6rster, Michael Herrnbeck[\/vc_column_text][\/vc_column][\/vc_row][vc_row css=&#8220;.vc_custom_1576692434634{margin-top: 40px !important;}&#8220;][vc_column][vc_custom_heading text=&#8220;E2-Junioren (SG Obertaufkirchen \/ Buchbach \/ Schwindegg)&#8220; font_container=&#8220;tag:h3|text_align:left|color:%23ffffff&#8220; use_theme_fonts=&#8220;yes&#8220; css=&#8220;.vc_custom_1758555922312{margin-bottom: 25px !important;border-left-width: 3px !important;padding-left: 8px !important;border-left-color: #dd3333 !important;}&#8220; el_class=&#8220;h3-border&#8220;][\/vc_column][\/vc_row][vc_row][vc_column][vc_single_image image=&#8220;8368&#8243; img_size=&#8220;MEDIUM&#8220; onclick=&#8220;img_link_large&#8220;][vc_column_text]Trainer: Dusan Dukic[\/vc_column_text][\/vc_column][\/vc_row][vc_row css=&#8220;.vc_custom_1576692434634{margin-top: 40px !important;}&#8220;][vc_column][vc_custom_heading text=&#8220;F-Junioren  (TSV Buchbach)&#8220; font_container=&#8220;tag:h3|text_align:left|color:%23ffffff&#8220; use_theme_fonts=&#8220;yes&#8220; css=&#8220;.vc_custom_1758556280669{margin-bottom: 25px !important;border-left-width: 3px !important;padding-left: 8px !important;border-left-color: #dd3333 !important;}&#8220; el_class=&#8220;h3-border&#8220;][\/vc_column][\/vc_row][vc_row][vc_column][vc_column_text]Bild folgt[\/vc_column_text][vc_column_text]Trainer: Stefan S\u00f6hnel[\/vc_column_text][\/vc_column][\/vc_row][vc_row][vc_column][vc_custom_heading text=&#8220;Bambini (TSV Buchbach)&#8220; font_container=&#8220;tag:h3|text_align:left&#8220; use_theme_fonts=&#8220;yes&#8220; css=&#8220;.vc_custom_1758556321316{border-left-width: 3px !important;padding-left: 8px !important;border-left-color: #dd3333 !important;}&#8220; el_id=&#8220;h3-border&#8220; el_class=&#8220;h3-border&#8220;][vc_column_text]Trainer: Florian Losbichler, Florian Trojovsky, Thomas Sammer[\/vc_column_text][\/vc_column][\/vc_row][vc_row css=&#8220;.vc_custom_1576689491732{margin-top: 30px !important;}&#8220;][vc_column][vc_custom_heading text=&#8220;Sponsoren&#8220; font_container=&#8220;tag:h3|text_align:left|color:%23ffffff&#8220; use_theme_fonts=&#8220;yes&#8220; css=&#8220;.vc_custom_1588839000527{margin-bottom: 25px !important;border-left-width: 3px !important;padding-left: 8px !important;border-left-color: #dd3333 !important;}&#8220; el_class=&#8220;h3-border&#8220;][vc_column_text][\/vc_column_text][vc_row_inner][vc_column_inner width=&#8220;1\/4&#8243;][vc_single_image image=&#8220;2483&#8243; onclick=&#8220;custom_link&#8220; link=&#8220;https:\/\/www.baeckerei-wenzl.de\/&#8220;][\/vc_column_inner][vc_column_inner width=&#8220;1\/4&#8243;][vc_single_image image=&#8220;2480&#8243; onclick=&#8220;custom_link&#8220; link=&#8220;https:\/\/www.ostermaier.de&#8220;][\/vc_column_inner][vc_column_inner width=&#8220;1\/4&#8243;][vc_single_image image=&#8220;2482&#8243; onclick=&#8220;custom_link&#8220; link=&#8220;https:\/\/www.triuso.de\/&#8220;][\/vc_column_inner][vc_column_inner width=&#8220;1\/4&#8243;][vc_single_image image=&#8220;2481&#8243; img_size=&#8220;medium&#8220; onclick=&#8220;custom_link&#8220; link=&#8220;https:\/\/www.hotel-renner.de\/de\/startseite\/&#8220;][\/vc_column_inner][\/vc_row_inner][vc_row_inner][vc_column_inner width=&#8220;1\/4&#8243;][vc_single_image image=&#8220;2478&#8243; onclick=&#8220;custom_link&#8220; link=&#8220;https:\/\/www.kainz-immo.de\/&#8220;][\/vc_column_inner][vc_column_inner width=&#8220;1\/4&#8243;][vc_single_image image=&#8220;2488&#8243;][\/vc_column_inner][vc_column_inner width=&#8220;1\/4&#8243;][vc_single_image image=&#8220;2476&#8243; img_size=&#8220;medium&#8220; onclick=&#8220;custom_link&#8220; link=&#8220;http:\/\/www.physio-buchbach.de\/&#8220;][\/vc_column_inner][vc_column_inner width=&#8220;1\/4&#8243;][vc_single_image image=&#8220;2489&#8243; onclick=&#8220;custom_link&#8220; link=&#8220;https:\/\/www.dichtl-stein.de&#8220;][\/vc_column_inner][\/vc_row_inner][vc_row_inner][vc_column_inner width=&#8220;1\/4&#8243;][vc_single_image image=&#8220;2477&#8243; img_size=&#8220;medium&#8220; onclick=&#8220;custom_link&#8220; link=&#8220;http:\/\/www.edelstahl-hausberger.de\/&#8220;][\/vc_column_inner][vc_column_inner width=&#8220;1\/4&#8243;][vc_single_image image=&#8220;2474&#8243; img_size=&#8220;medium&#8220; onclick=&#8220;custom_link&#8220; link=&#8220;https:\/\/www.schwimmbadtechnik-fischer.de&#8220;][\/vc_column_inner][vc_column_inner width=&#8220;1\/4&#8243;][vc_single_image image=&#8220;2475&#8243; onclick=&#8220;custom_link&#8220; link=&#8220;https:\/\/www.stephan-rott.de&#8220;][\/vc_column_inner][vc_column_inner width=&#8220;1\/4&#8243;][vc_single_image image=&#8220;2479&#8243; img_size=&#8220;medium&#8220; onclick=&#8220;custom_link&#8220; link=&#8220;https:\/\/www.lechner-buchbach.de\/&#8220;][\/vc_column_inner][\/vc_row_inner][\/vc_column][\/vc_row][vc_row][vc_column][vc_raw_html]JTNDZGl2JTIwaWQlM0QlMjJiZnYxNzYwNTEzMjU2NDE5JTIyJTNFTGFkZW4uLi4lM0MlMkZkaXYlM0UlMEElM0NzY3JpcHQlM0UlMEFCRlZXaWRnZXQuSFRNTDUuemVpZ2VXZXR0YmV3ZXJic1RhYmVsbGUlMjglMjIwMlRMN1M0TkxLMDAwMDA1VlM1NDg5QlRWVjAzNzIwSy1HJTIyJTJDJTIwJTIyYmZ2MTc2MDUxMzI1NjQxOSUyMiUyQyUyMCU3QiUyMGhlaWdodCUzQSUyMCUyMjYwMCUyMiUyQyUyMCUyMHdpZHRoJTNBJTIwJTIyMzAwJTIyJTIwJTJDJTIwdGVhbVBlcm1hbmVudElkJTNBJTIwJTIyMDFEVFNCMjlGUzAwMDAwMFZWMEFHODExVlRBOEZPOE4lMjIlMkMlMjBjb2xvclJlc3VsdHMlM0ElMjAlMjJ1bmRlZmluZWQlMjIlMjAlMkMlMjBjb2xvck5hdiUzQSUyMCUyMnVuZGVmaW5lZCUyMiUyMCUyQyUyMGNvbG9yQ2x1Yk5hbWUlMjAlM0ElMjAlMjJ1bmRlZmluZWQlMjIlMjAlMkMlMjBiYWNrZ3JvdW5kTmF2JTNBJTIwJTIydW5kZWZpbmVkJTIyJTdEJTI5JTNCJTBBJTNDJTJGc2NyaXB0JTNF[\/vc_raw_html][\/vc_column][\/vc_row]<\/p>\n<\/div>","protected":false},"excerpt":{"rendered":"<p>[vc_row][vc_column][vc_custom_heading text=&#8220;&#8220;][vc_custom_heading text=&#8220;Spielgemeinschaft GOSB&#8220; font_container=&#8220;tag:h3|text_align:left|color:%23ffffff&#8220; use_theme_fonts=&#8220;yes&#8220; css=&#8220;.vc_custom_1589185352815{margin-bottom: 25px !important;border-left-width: 3px !important;padding-left: 8px !important;border-left-color: #dd3333 !important;}&#8220; el_class=&#8220;h3-border&#8220;][\/vc_column][\/vc_row][vc_row][vc_column width=&#8220;1\/2&#8243;][vc_single_image image=&#8220;9003&#8243; img_size=&#8220;medium&#8220; alignment=&#8220;center&#8220; onclick=&#8220;custom_link&#8220; img_link_target=&#8220;_blank&#8220; link=&#8220;http:\/\/sg-gosb.de\/&#8220;][\/vc_column][vc_column width=&#8220;1\/2&#8243;][vc_column_text]Seit vielen Jahren sind die TSV-Junioren teil&#8230;<\/p>\n","protected":false},"author":1,"featured_media":0,"parent":0,"menu_order":0,"comment_status":"closed","ping_status":"closed","template":"","meta":{"footnotes":""},"class_list":["post-2062","page","type-page","status-publish","hentry"],"_links":{"self":[{"href":"https:\/\/www.tsv-buchbach.de\/fussball\/wp-json\/wp\/v2\/pages\/2062","targetHints":{"allow":["GET"]}}],"collection":[{"href":"https:\/\/www.tsv-buchbach.de\/fussball\/wp-json\/wp\/v2\/pages"}],"about":[{"href":"https:\/\/www.tsv-buchbach.de\/fussball\/wp-json\/wp\/v2\/types\/page"}],"author":[{"embeddable":true,"href":"https:\/\/www.tsv-buchbach.de\/fussball\/wp-json\/wp\/v2\/users\/1"}],"replies":[{"embeddable":true,"href":"https:\/\/www.tsv-buchbach.de\/fussball\/wp-json\/wp\/v2\/comments?post=2062"}],"version-history":[{"count":77,"href":"https:\/\/www.tsv-buchbach.de\/fussball\/wp-json\/wp\/v2\/pages\/2062\/revisions"}],"predecessor-version":[{"id":11226,"href":"https:\/\/www.tsv-buchbach.de\/fussball\/wp-json\/wp\/v2\/pages\/2062\/revisions\/11226"}],"wp:attachment":[{"href":"https:\/\/www.tsv-buchbach.de\/fussball\/wp-json\/wp\/v2\/media?parent=2062"}],"curies":[{"name":"wp","href":"https:\/\/api.w.org\/{rel}","templated":true}]}}