{"id":2890,"date":"2020-05-07T20:52:34","date_gmt":"2020-05-07T18:52:34","guid":{"rendered":"https:\/\/www.tsv-buchbach.de\/fussball\/?page_id=2890"},"modified":"2024-03-28T06:48:59","modified_gmt":"2024-03-28T05:48:59","slug":"dfb-stuetzpunkt","status":"publish","type":"page","link":"https:\/\/www.tsv-buchbach.de\/fussball\/dfb-stuetzpunkt\/","title":{"rendered":"DFB-St\u00fctzpunkt"},"content":{"rendered":"<div class=\"wpb-content-wrapper\"><p>[vc_row][vc_column][vc_empty_space][vc_text_separator title=&#8220;St\u00fctzpunkttrainer&#8220; title_align=&#8220;separator_align_left&#8220;][vc_column_text]<!-- \/wp:post-content --><\/p>\r\n<p><!-- wp:table -->St\u00fctzpunkttrainer, Stand: 01.03.2023<\/p>\r\n<ul>\r\n<li>Manuel Neubauer | +49 1511 0158679 | \u200e<a href=\"mailto:manuel.neubauer@kerbl.com\">manuel.neubauer@kerbl.com<\/a><\/li>\r\n<li>Marcel Laggerbauer | <a href=\"mailto:marcel.laggerbauer@web.de\">marcel.laggerbauer@web.de<\/a><\/li>\r\n<li>Johannes Klein | <a href=\"mailto:johannes.klein.93@gmx.de\">johannes.klein.93@gmx.de<\/a><\/li>\r\n<\/ul>\r\n<p>[\/vc_column_text][vc_text_separator title=&#8220;Buchbach wird DFB-St\u00fctzpunkt&#8220; title_align=&#8220;separator_align_left&#8220;][vc_column_text]<!-- wp:image {\"id\":2911,\"sizeSlug\":\"large\"} --><\/p>\r\n<figure class=\"wp-block-image size-large\"><img fetchpriority=\"high\" decoding=\"async\" width=\"1024\" height=\"512\" class=\"wp-image-2911\" src=\"https:\/\/www.tsv-buchbach.de\/fussball\/wp-content\/uploads\/2020\/05\/200928-dfb-st\u00fctzpunkt-1024x512.jpg\" alt=\"\" srcset=\"https:\/\/www.tsv-buchbach.de\/fussball\/wp-content\/uploads\/2020\/05\/200928-dfb-st\u00fctzpunkt-1024x512.jpg 1024w, https:\/\/www.tsv-buchbach.de\/fussball\/wp-content\/uploads\/2020\/05\/200928-dfb-st\u00fctzpunkt-300x150.jpg 300w, https:\/\/www.tsv-buchbach.de\/fussball\/wp-content\/uploads\/2020\/05\/200928-dfb-st\u00fctzpunkt-768x384.jpg 768w, https:\/\/www.tsv-buchbach.de\/fussball\/wp-content\/uploads\/2020\/05\/200928-dfb-st\u00fctzpunkt-128x64.jpg 128w, https:\/\/www.tsv-buchbach.de\/fussball\/wp-content\/uploads\/2020\/05\/200928-dfb-st\u00fctzpunkt-32x16.jpg 32w, https:\/\/www.tsv-buchbach.de\/fussball\/wp-content\/uploads\/2020\/05\/200928-dfb-st\u00fctzpunkt-98x49.jpg 98w, https:\/\/www.tsv-buchbach.de\/fussball\/wp-content\/uploads\/2020\/05\/200928-dfb-st\u00fctzpunkt-600x300.jpg 600w, https:\/\/www.tsv-buchbach.de\/fussball\/wp-content\/uploads\/2020\/05\/200928-dfb-st\u00fctzpunkt.jpg 1376w\" sizes=\"(max-width: 1024px) 100vw, 1024px\" \/>\r\n<figcaption>von links nach rechts: Peter Wimmer (DFB-St\u00fctzpunkt-Koordinator), G\u00fcnther Gr\u00fcbl (Abteilungsleiter Fu\u00dfball), Rainer Koch (BFV-Pr\u00e4sident), Anton Maier (1. Vorstand des TSV Buchbach), Georg Hanslmaier (Sportlicher Leiter der Abteilung Fu\u00dfball)<\/figcaption>\r\n<\/figure>\r\n<!-- \/wp:image -->\r\n<p><!-- wp:paragraph -->Der TSV Buchbach z\u00e4hlt seit Anfang September 2019 offiziell zum Kreis der bayernweit 64 DFB-St\u00fctzpunkte. In der Halbzeitpause des Regionalliga-Spiels gegen den SV Schalding-Heining \u00fcbergaben Rainer Koch, Pr\u00e4sident des Bayerischen Fu\u00dfball-Verbandes (BFV), und DFB-St\u00fctzpunkt-Koordinator Peter Wimmer die Ernennungs-Urkunde an Buchbachs sportlichen Leiter Georg Hanslmaier.<\/p>\r\n<!-- \/wp:paragraph -->\r\n<p><!-- wp:paragraph -->\u201eDer TSV Buchbach ist ein Paradebeispiel daf\u00fcr, was mit Engagement und Herzblut alles m\u00f6glich ist. Der Verein hat sich in den vergangenen Jahren von einem kleinen Dorfklub zu einem etablierten Regionalligisten entwickelt &#8211; und ist trotzdem seiner Identit\u00e4t treu geblieben. Der Zuschlag f\u00fcr einen DFB-St\u00fctzpunkt ist jetzt der n\u00e4chste logische Schritt und der verdiente Lohn f\u00fcr die seit Jahren erstklassige Jugendarbeit im Verein&#8220;, erkl\u00e4rte Koch nur einen Tag nach seiner Wiederwahl als 1. Vizepr\u00e4sident des Deutschen Fu\u00dfball-Bundes (DFB) beim Bundestag in Frankfurt am Main.<\/p>\r\n<!-- \/wp:paragraph -->\r\n<p><!-- wp:paragraph -->Die DFB-St\u00fctzpunkte bilden die Basis der BFV-Talentf\u00f6rderung. Ab der Altersklasse U11 werden dort die besten Talente aus dem Umkreis erg\u00e4nzend zu ihrem Training im Heimatverein einmal w\u00f6chentlich von lizenzierten Trainern gecoacht und individuell betreut. Idealerweise schaffen die Talente in den folgenden Jahren den Sprung entweder direkt in ein Nachwuchsleistungszentrum eines Lizenzklubs oder in eines der 18 regionalen BFV-Nachwuchsleistungszentren (BFV-NLZ), wo die Talente bis einschlie\u00dflich der Altersklasse U17 ausgebildet und betreut werden. Die BFV-Nachwuchsleistungszentren geben zudem auch den Talenten, die es im \u201eersten Schritt&#8220; nicht bei einem Lizenzklub geschafft haben, die M\u00f6glichkeit, auf h\u00f6chsten Niveau weiterzumachen und dann entweder im zweiten Versuch durchzustarten oder beispielweise den Sprung in ein Team eines Spitzen-Amateurvereins bzw. in eine Amateur-Spitzenliga wie die Regionalliga Bayern zu schaffen. In Buchbach werden die Talente vom Trainer-Team Manuel Neubauer, Harald Mothes und Max Wanzinger trainiert und betreut. Das St\u00fctzpunkttraining ist bayernweit immer montags.<\/p>\r\n<!-- \/wp:paragraph -->\r\n<p><!-- wp:paragraph -->\u201eWir freuen uns sehr, dass wir den Zuschlag bekommen haben&#8220;, sagt Georg Hanslmaier, der Sportleiter des TSV Buchbach. Damit werde \u201eunsere Jugendarbeit, die wir seit Jahren forcieren, belohnt&#8220;.<\/p>\r\n<!-- \/wp:paragraph -->\r\n<p><!-- wp:paragraph --><em>Fotos und Text: \u00a9 mb.presse, weitere Ver\u00f6ffentlichungen nur mit Zustimmung des Autors<\/em><\/p>\r\n<p><!-- \/wp:paragraph -->[\/vc_column_text][\/vc_column][\/vc_row][vc_row][vc_column width=&#8220;1\/3&#8243;][vc_single_image image=&#8220;3264&#8243; img_size=&#8220;large&#8220;][\/vc_column][vc_column width=&#8220;1\/3&#8243;][vc_single_image image=&#8220;3259&#8243; img_size=&#8220;medium&#8220; onclick=&#8220;custom_link&#8220; link=&#8220;https:\/\/laola.biz\/shop\/dfbstuetzpunktbuchbach&#8220;][\/vc_column][vc_column width=&#8220;1\/3&#8243;][\/vc_column][\/vc_row]<\/p><\/div>","protected":false},"excerpt":{"rendered":"<p>[vc_row][vc_column][vc_empty_space][vc_text_separator title=&#8220;St\u00fctzpunkttrainer&#8220; title_align=&#8220;separator_align_left&#8220;][vc_column_text] St\u00fctzpunkttrainer, Stand: 01.03.2023 Manuel Neubauer | +49 1511 0158679 | \u200emanuel.neubauer@kerbl.com Marcel Laggerbauer | marcel.laggerbauer@web.de Johannes Klein | johannes.klein.93@gmx.de [\/vc_column_text][vc_text_separator title=&#8220;Buchbach wird DFB-St\u00fctzpunkt&#8220; title_align=&#8220;separator_align_left&#8220;][vc_column_text] von links nach&#8230;<\/p>\n","protected":false},"author":5,"featured_media":0,"parent":0,"menu_order":0,"comment_status":"closed","ping_status":"closed","template":"","meta":{"footnotes":""},"class_list":["post-2890","page","type-page","status-publish","hentry"],"_links":{"self":[{"href":"https:\/\/www.tsv-buchbach.de\/fussball\/wp-json\/wp\/v2\/pages\/2890","targetHints":{"allow":["GET"]}}],"collection":[{"href":"https:\/\/www.tsv-buchbach.de\/fussball\/wp-json\/wp\/v2\/pages"}],"about":[{"href":"https:\/\/www.tsv-buchbach.de\/fussball\/wp-json\/wp\/v2\/types\/page"}],"author":[{"embeddable":true,"href":"https:\/\/www.tsv-buchbach.de\/fussball\/wp-json\/wp\/v2\/users\/5"}],"replies":[{"embeddable":true,"href":"https:\/\/www.tsv-buchbach.de\/fussball\/wp-json\/wp\/v2\/comments?post=2890"}],"version-history":[{"count":22,"href":"https:\/\/www.tsv-buchbach.de\/fussball\/wp-json\/wp\/v2\/pages\/2890\/revisions"}],"predecessor-version":[{"id":8854,"href":"https:\/\/www.tsv-buchbach.de\/fussball\/wp-json\/wp\/v2\/pages\/2890\/revisions\/8854"}],"wp:attachment":[{"href":"https:\/\/www.tsv-buchbach.de\/fussball\/wp-json\/wp\/v2\/media?parent=2890"}],"curies":[{"name":"wp","href":"https:\/\/api.w.org\/{rel}","templated":true}]}}