{"id":3383,"date":"2020-07-28T08:49:33","date_gmt":"2020-07-28T06:49:33","guid":{"rendered":"https:\/\/www.tsv-buchbach.de\/fussball\/?page_id=3383"},"modified":"2022-11-22T16:39:07","modified_gmt":"2022-11-22T15:39:07","slug":"hinweise-gaestefans","status":"publish","type":"page","link":"https:\/\/www.tsv-buchbach.de\/fussball\/hinweise-gaestefans\/","title":{"rendered":"Hinweise G\u00e4stefans"},"content":{"rendered":"<div class=\"wpb-content-wrapper\"><p>[vc_row][vc_column][vc_empty_space][vc_custom_heading text=&#8220;Hinweise f\u00fcr G\u00e4stefans&#8220; font_container=&#8220;tag:h3|text_align:left&#8220;][vc_column_text]<strong>Bitte entnehmt die tagesaktuellen Hinweise den Mitteilungen Eurer Fanbeauftragten. Grunds\u00e4tzlich gilt f\u00fcr alle Heimspiele des TSV Buchbach:<\/strong><\/p>\n<p><strong>REIST RECHTZEITIG AN<\/strong><\/p>\n<p>Der TSV Buchbach steht f\u00fcr ein sicheres Stadionerlebnis. Dazu geh\u00f6ren u.a. auch die Personen- und Taschenkontrollen an den Eing\u00e4ngen zur SMR-Arena. Unsere Ordnungsdienstmitarbeiter f\u00fchren ihre Arbeit zur Sicherheit aller Stadionbesucher gewissenhaft durch, ben\u00f6tigen hierzu aber auch das Verst\u00e4ndnis und die Mithilfe aller Fans.<\/p>\n<p><strong>Kommt bitte p\u00fcnktlich zum Stadion<\/strong>, denn ordentliche Kontrollen kosten Zeit. Das Stadion wird jeweils 90 Minuten vor Anpfiff ge\u00f6ffnet.<\/p>\n<p><strong>HINWEISE F\u00dcR PKWs<\/strong><\/p>\n<p>Besucher, die mit dem Auto anreisen, k\u00f6nnen in und um den Ort Buchbach parken. Hierzu dienen die Parkm\u00f6glichkeit am Marktplatz, dem Wertstoffhof und dem Edeka- bzw. Bauer-Elektro-Parkplatz (5-10 Minuten Fu\u00dfweg). Da die SMR-Arena in einem Siedlungsgebiet liegt kann der TSV Buchbach keine gro\u00dfen Parkfl\u00e4chen zur Verf\u00fcgung stellen. Die Verantwortlichen bitten um Verst\u00e4ndnis.<\/p>\n<p><span style=\"color: #0000ff;\"><a style=\"color: #0000ff;\" href=\"https:\/\/www.tsv-buchbach.de\/fussball\/wp-content\/uploads\/2022\/11\/\u00dcbersicht-Parkpl\u00e4tze-SMR-Arena.png\" target=\"_blank\" rel=\"noopener noreferrer\"><strong><img fetchpriority=\"high\" decoding=\"async\" class=\"wp-image-7326 size-medium alignnone\" src=\"https:\/\/www.tsv-buchbach.de\/fussball\/wp-content\/uploads\/2022\/11\/\u00dcbersicht-Parkpl\u00e4tze-SMR-Arena-300x300.png\" alt=\"\" width=\"300\" height=\"300\" srcset=\"https:\/\/www.tsv-buchbach.de\/fussball\/wp-content\/uploads\/2022\/11\/\u00dcbersicht-Parkpl\u00e4tze-SMR-Arena-300x300.png 300w, https:\/\/www.tsv-buchbach.de\/fussball\/wp-content\/uploads\/2022\/11\/\u00dcbersicht-Parkpl\u00e4tze-SMR-Arena-150x150.png 150w, https:\/\/www.tsv-buchbach.de\/fussball\/wp-content\/uploads\/2022\/11\/\u00dcbersicht-Parkpl\u00e4tze-SMR-Arena-768x768.png 768w, https:\/\/www.tsv-buchbach.de\/fussball\/wp-content\/uploads\/2022\/11\/\u00dcbersicht-Parkpl\u00e4tze-SMR-Arena-200x200.png 200w, https:\/\/www.tsv-buchbach.de\/fussball\/wp-content\/uploads\/2022\/11\/\u00dcbersicht-Parkpl\u00e4tze-SMR-Arena-255x255.png 255w, https:\/\/www.tsv-buchbach.de\/fussball\/wp-content\/uploads\/2022\/11\/\u00dcbersicht-Parkpl\u00e4tze-SMR-Arena-80x80.png 80w, https:\/\/www.tsv-buchbach.de\/fussball\/wp-content\/uploads\/2022\/11\/\u00dcbersicht-Parkpl\u00e4tze-SMR-Arena-740x740.png 740w, https:\/\/www.tsv-buchbach.de\/fussball\/wp-content\/uploads\/2022\/11\/\u00dcbersicht-Parkpl\u00e4tze-SMR-Arena-98x98.png 98w, https:\/\/www.tsv-buchbach.de\/fussball\/wp-content\/uploads\/2022\/11\/\u00dcbersicht-Parkpl\u00e4tze-SMR-Arena-445x445.png 445w, https:\/\/www.tsv-buchbach.de\/fussball\/wp-content\/uploads\/2022\/11\/\u00dcbersicht-Parkpl\u00e4tze-SMR-Arena-600x600.png 600w, https:\/\/www.tsv-buchbach.de\/fussball\/wp-content\/uploads\/2022\/11\/\u00dcbersicht-Parkpl\u00e4tze-SMR-Arena-100x100.png 100w, https:\/\/www.tsv-buchbach.de\/fussball\/wp-content\/uploads\/2022\/11\/\u00dcbersicht-Parkpl\u00e4tze-SMR-Arena.png 962w\" sizes=\"(max-width: 300px) 100vw, 300px\" \/><\/strong><\/a><\/span><\/p>\n<p><span style=\"color: #0000ff;\"><strong>Zur \u00dcbersichtskarte &gt;&gt;<\/strong><\/span><\/p>\n<p><strong>ZWICKT\u2019S ZAM<\/strong><\/p>\n<p>Leider erhalten wir bei erh\u00f6htem Zuschaueraufkommen vermehrt Zuschriften von Anwohnern rund um die SMR-Arena, die sich \u00fcber so genannte \u201eWildbiesler\u201c \u00e4rgern. Daher bitten wir euch: Zwickt\u2019s zam und nutzt die Toiletten in der SMR-Arena.<\/p>\n<p><strong>WEITERE WICHTIGE HINWEISE UND REGELN<\/strong><\/p>\n<ul>\n<li>Alle Arten von Flaschen sind verboten. Das gilt auch f\u00fcr PET-Flaschen.<\/li>\n<li>Rucks\u00e4cke und Taschen, die gr\u00f6\u00dfer als DIN A4 (ca. 30x20cm) sind, sind im Stadion nicht erlaubt. Wir bitten daher alle Fans, <strong>Rucks\u00e4cke und Taschen<\/strong> m\u00f6glichst erst gar nicht in die SMR-Arena mitzubringen, da es vor Ort <strong>keine Aufbewahrungsstellen<\/strong> gibt.<\/li>\n<li><strong>Stock-Regenschirme sind nicht erlaubt<\/strong>. Ins Stadion d\u00fcrfen nur so genannte \u201eKnirps\u201c-Regenschirme mitgenommen werden.<\/li>\n<li>Es gilt die <a href=\"https:\/\/www.tsv-buchbach.de\/fussball\/wp-content\/uploads\/2022\/11\/Stadionordnung.pdf\" target=\"_blank\" rel=\"noopener noreferrer\"><span style=\"color: #0000ff;\"><strong>SMR-Arena Stadionverordnung &gt;&gt;<\/strong><\/span><\/a><\/li>\n<\/ul>\n<p><strong>Wir w\u00fcnschen allen Fans ein spannendes und faires Spiel. Vielen Dank!<\/strong>[\/vc_column_text][\/vc_column][\/vc_row]<\/p>\n<\/div>","protected":false},"excerpt":{"rendered":"<p>[vc_row][vc_column][vc_empty_space][vc_custom_heading text=&#8220;Hinweise f\u00fcr G\u00e4stefans&#8220; font_container=&#8220;tag:h3|text_align:left&#8220;][vc_column_text]Bitte entnehmt die tagesaktuellen Hinweise den Mitteilungen Eurer Fanbeauftragten. Grunds\u00e4tzlich gilt f\u00fcr alle Heimspiele des TSV Buchbach: REIST RECHTZEITIG AN Der TSV Buchbach steht f\u00fcr ein&#8230;<\/p>\n","protected":false},"author":4,"featured_media":0,"parent":0,"menu_order":0,"comment_status":"closed","ping_status":"closed","template":"","meta":{"footnotes":""},"class_list":["post-3383","page","type-page","status-publish","hentry"],"_links":{"self":[{"href":"https:\/\/www.tsv-buchbach.de\/fussball\/wp-json\/wp\/v2\/pages\/3383","targetHints":{"allow":["GET"]}}],"collection":[{"href":"https:\/\/www.tsv-buchbach.de\/fussball\/wp-json\/wp\/v2\/pages"}],"about":[{"href":"https:\/\/www.tsv-buchbach.de\/fussball\/wp-json\/wp\/v2\/types\/page"}],"author":[{"embeddable":true,"href":"https:\/\/www.tsv-buchbach.de\/fussball\/wp-json\/wp\/v2\/users\/4"}],"replies":[{"embeddable":true,"href":"https:\/\/www.tsv-buchbach.de\/fussball\/wp-json\/wp\/v2\/comments?post=3383"}],"version-history":[{"count":5,"href":"https:\/\/www.tsv-buchbach.de\/fussball\/wp-json\/wp\/v2\/pages\/3383\/revisions"}],"predecessor-version":[{"id":7328,"href":"https:\/\/www.tsv-buchbach.de\/fussball\/wp-json\/wp\/v2\/pages\/3383\/revisions\/7328"}],"wp:attachment":[{"href":"https:\/\/www.tsv-buchbach.de\/fussball\/wp-json\/wp\/v2\/media?parent=3383"}],"curies":[{"name":"wp","href":"https:\/\/api.w.org\/{rel}","templated":true}]}}