{"id":3385,"date":"2020-07-28T08:55:16","date_gmt":"2020-07-28T06:55:16","guid":{"rendered":"https:\/\/www.tsv-buchbach.de\/fussball\/?page_id=3385"},"modified":"2025-10-22T11:19:18","modified_gmt":"2025-10-22T09:19:18","slug":"medienakkreditierung","status":"publish","type":"page","link":"https:\/\/www.tsv-buchbach.de\/fussball\/medienakkreditierung\/","title":{"rendered":"Medienakkreditierung"},"content":{"rendered":"<div class=\"wpb-content-wrapper\"><p>[vc_row][vc_column][vc_empty_space][vc_custom_heading text=&#8220;Medienakkreditierung&#8220; font_container=&#8220;tag:h3|text_align:left&#8220;][vc_empty_space][vc_column_text]<strong>Ansprechpartner<\/strong><\/p>\n<p>Interviewanfragen | Presseeinladungen |\u00a0Akkreditierungsanfragen<\/p>\n<p><a id=\"d12677n10a\" title=\"rainer.kmeth@tsv1860.de\" href=\"mailto:michael.boerstler@tsv-buchbach.de\" target=\"_blank\" rel=\"noopener noreferrer\"><strong>Michael B\u00f6rstler<\/strong><\/a><\/p>\n<hr \/>\n<p><strong>Hinweise zu Ihrer Akkreditierungsanfrage:<\/strong><\/p>\n<ul>\n<li>Akkreditierungsanfragen sind fristgerecht mit dem offiziellen Akkreditierungsformular per E-Mail an <a id=\"d12677n17a\" title=\"rainer.kmeth@tsv1860.de\" href=\"mailto:michael.boerstler@tsv-buchbach.de\" target=\"_blank\" rel=\"noopener noreferrer\"><strong>Michael B\u00f6rstler<\/strong><\/a> zu senden.<\/li>\n<li>Das Akkreditierungsformular finden Sie <span style=\"color: #0000ff;\"><a style=\"color: #0000ff;\" href=\"https:\/\/www.tsv-buchbach.de\/fussball\/wp-content\/uploads\/2025\/10\/Akkreditierung_Version-2025.pdf\" target=\"_blank\" rel=\"noopener noreferrer\"><strong>&gt;&gt;hier&lt;&lt; <\/strong><\/a><\/span>zum Download.<\/li>\n<li>Die vollst\u00e4ndig ausgef\u00fcllten Akkreditierungsantr\u00e4ge m\u00fcssen\u00a0sp\u00e4testens zwei Werktage vor dem Spiel eingegangen sein. Akkreditierungsanfragen\u00a0nach der Frist werden\u00a0nicht mehr ber\u00fccksichtigt.<\/li>\n<li>Mit dem Absenden des Akkreditierungsantrages wird die Kenntnis der Medienrichtlinien f\u00fcr die Spiele der Regionalliga Bayern und deren Einhaltung durch den Antragsteller versichert.<\/li>\n<li>Etwa zwei Tage vor dem Spieltag\u00a0erhalten alle Antragssteller mit vollst\u00e4ndigen Akkreditierungsantrag eine Antwort und im Fall der positiven Akkreditierung eine Best\u00e4tigung und Informationen bez\u00fcglich Abholung der Arbeitskarten.<\/li>\n<\/ul>\n<hr \/>\n<p><strong>Kontaktformular:<\/strong>[\/vc_column_text][vc_raw_js]JTVCY29udGFjdC1mb3JtLTclMjBpZCUzRCUyMjQ2MzElMjIlMjB0aXRsZSUzRCUyMk1lZGllbmFra3JlZGl0aWVydW5nJTIyJTVE[\/vc_raw_js][\/vc_column][\/vc_row]<\/p>\n<\/div>","protected":false},"excerpt":{"rendered":"<p>[vc_row][vc_column][vc_empty_space][vc_custom_heading text=&#8220;Medienakkreditierung&#8220; font_container=&#8220;tag:h3|text_align:left&#8220;][vc_empty_space][vc_column_text]Ansprechpartner Interviewanfragen | Presseeinladungen |\u00a0Akkreditierungsanfragen Michael B\u00f6rstler Hinweise zu Ihrer Akkreditierungsanfrage: Akkreditierungsanfragen sind fristgerecht mit dem offiziellen Akkreditierungsformular per E-Mail an Michael B\u00f6rstler zu senden. Das Akkreditierungsformular finden&#8230;<\/p>\n","protected":false},"author":4,"featured_media":0,"parent":0,"menu_order":0,"comment_status":"closed","ping_status":"closed","template":"","meta":{"footnotes":""},"class_list":["post-3385","page","type-page","status-publish","hentry"],"_links":{"self":[{"href":"https:\/\/www.tsv-buchbach.de\/fussball\/wp-json\/wp\/v2\/pages\/3385","targetHints":{"allow":["GET"]}}],"collection":[{"href":"https:\/\/www.tsv-buchbach.de\/fussball\/wp-json\/wp\/v2\/pages"}],"about":[{"href":"https:\/\/www.tsv-buchbach.de\/fussball\/wp-json\/wp\/v2\/types\/page"}],"author":[{"embeddable":true,"href":"https:\/\/www.tsv-buchbach.de\/fussball\/wp-json\/wp\/v2\/users\/4"}],"replies":[{"embeddable":true,"href":"https:\/\/www.tsv-buchbach.de\/fussball\/wp-json\/wp\/v2\/comments?post=3385"}],"version-history":[{"count":10,"href":"https:\/\/www.tsv-buchbach.de\/fussball\/wp-json\/wp\/v2\/pages\/3385\/revisions"}],"predecessor-version":[{"id":11077,"href":"https:\/\/www.tsv-buchbach.de\/fussball\/wp-json\/wp\/v2\/pages\/3385\/revisions\/11077"}],"wp:attachment":[{"href":"https:\/\/www.tsv-buchbach.de\/fussball\/wp-json\/wp\/v2\/media?parent=3385"}],"curies":[{"name":"wp","href":"https:\/\/api.w.org\/{rel}","templated":true}]}}