{"id":117,"date":"2020-03-02T21:58:27","date_gmt":"2020-03-02T20:58:27","guid":{"rendered":"https:\/\/www.tsv-buchbach.de\/ski\/?page_id=117"},"modified":"2026-01-15T11:05:56","modified_gmt":"2026-01-15T10:05:56","slug":"rennteam","status":"publish","type":"page","link":"https:\/\/www.tsv-buchbach.de\/ski\/rennteam\/","title":{"rendered":"Rennteam"},"content":{"rendered":"\n<p><\/p>\n\n\n\n<p>Die Buchbacher Skifahrer haben eine gro\u00dfe Rennmannschaft von 5 bis 80 Jahren. Wir fahren im Rahmen des SCVM\u00dc (Ski Club Vereinigung Landkreis M\u00fchldorf) ca 6 Rennen pro Jahr aus.<\/p>\n\n\n\n<p>Im SCVM\u00dc sind auch die Mannschaften aus:<\/p>\n\n\n\n<ul class=\"wp-block-list\">\n<li>TSV Ampfing<\/li>\n\n\n\n<li>SC Haag<\/li>\n\n\n\n<li>SV Weidenbach<\/li>\n\n\n\n<li>SC Halfing<\/li>\n\n\n\n<li>SC Halfing<\/li>\n\n\n\n<li>VFL Waldkraiburg<\/li>\n<\/ul>\n\n\n\n<p>Im Rahmen von Kreismeisterschaft und Kreiscup fahren wir Pokale im Riesenslalom, Slalom und Vielseitigkeitslauf aus. <\/p>\n\n\n\n<p>Renntermine der Saison 2026:<\/p>\n\n\n\n<p>Datum               Verein                                 Veranstaltungsort           Disziplin                         Bemerkung<\/p>\n\n\n\n<p>10.01.2026      Riesenslalom Buchbach Heutal\/ G\u00f6tschen<br>17.01.2026      Slalom Weidenbach G\u00f6tschen<br>24.01.2026      Kreismeisterschaft Ampfing G\u00f6tschen<br>28.02.2026      Speed Halfing\/ SL Haag Erpfendorf<br>15.03.2026      Vielseitigkeitslauf Waldkraiburg<br>17.04.2026      Kreiscupsiegerehrung<\/p>\n\n\n\n<p><\/p>\n","protected":false},"excerpt":{"rendered":"<p>Die Buchbacher Skifahrer haben eine gro\u00dfe Rennmannschaft von 5 bis 80 Jahren. Wir fahren im Rahmen des SCVM\u00dc (Ski Club Vereinigung Landkreis M\u00fchldorf) ca 6 Rennen pro Jahr aus. Im SCVM\u00dc sind auch die Mannschaften aus: Im Rahmen von Kreismeisterschaft und Kreiscup fahren wir Pokale im Riesenslalom, Slalom und Vielseitigkeitslauf aus. Renntermine der Saison 2026:&#8230;<\/p>\n","protected":false},"author":2,"featured_media":0,"parent":0,"menu_order":0,"comment_status":"closed","ping_status":"closed","template":"","meta":{"footnotes":""},"class_list":["post-117","page","type-page","status-publish","hentry"],"_links":{"self":[{"href":"https:\/\/www.tsv-buchbach.de\/ski\/wp-json\/wp\/v2\/pages\/117","targetHints":{"allow":["GET"]}}],"collection":[{"href":"https:\/\/www.tsv-buchbach.de\/ski\/wp-json\/wp\/v2\/pages"}],"about":[{"href":"https:\/\/www.tsv-buchbach.de\/ski\/wp-json\/wp\/v2\/types\/page"}],"author":[{"embeddable":true,"href":"https:\/\/www.tsv-buchbach.de\/ski\/wp-json\/wp\/v2\/users\/2"}],"replies":[{"embeddable":true,"href":"https:\/\/www.tsv-buchbach.de\/ski\/wp-json\/wp\/v2\/comments?post=117"}],"version-history":[{"count":11,"href":"https:\/\/www.tsv-buchbach.de\/ski\/wp-json\/wp\/v2\/pages\/117\/revisions"}],"predecessor-version":[{"id":1095,"href":"https:\/\/www.tsv-buchbach.de\/ski\/wp-json\/wp\/v2\/pages\/117\/revisions\/1095"}],"wp:attachment":[{"href":"https:\/\/www.tsv-buchbach.de\/ski\/wp-json\/wp\/v2\/media?parent=117"}],"curies":[{"name":"wp","href":"https:\/\/api.w.org\/{rel}","templated":true}]}}