{"id":119,"date":"2020-03-02T21:59:00","date_gmt":"2020-03-02T20:59:00","guid":{"rendered":"https:\/\/www.tsv-buchbach.de\/ski\/?page_id=119"},"modified":"2020-06-08T14:13:54","modified_gmt":"2020-06-08T12:13:54","slug":"abteilung","status":"publish","type":"page","link":"https:\/\/www.tsv-buchbach.de\/ski\/abteilung\/","title":{"rendered":"Abteilung"},"content":{"rendered":"\n<p>Die kleinste Abteilung des TSV Buchbach sind seit 1968 die Skifahrer, die sich nat\u00fcrlich im Winter bei Skikursen und Skirennen engagieren, aber auch im Sommer Nordic-Walking und Ausfl\u00fcge anbieten. Trotz seiner wenigen aktiven Rennl\u00e4ufer sind die Buchbacher auch im Landkreisvergleich und dar\u00fcber hinaus recht erfolgreich. In der Saison 2015 stellt der TSV Buchbach eine Rennl\u00e4uferin im Deutschen Sch\u00fcler Cup.\u00a0 In der Saison 2001\/2002 war eine Rennl\u00e4uferin vom TSV Buchbach im DSV Kader, bis 2005 auch im erweiterten F\u00f6rderkader. Selbige wurde 2004 Bayerische Jugendmeisterin im Riesenslalom. <\/p>\n\n\n\n<p>Die aktuelle Abteilungsleitung sind:<\/p>\n\n\n\n<ul class=\"wp-block-list\"><li>Christoph Dichtl, Abteilungsleiter<\/li><li>Stefan Vitzthum, 2. Abteilungsleiter<\/li><li>Silvia Schreil, Kassenwartin<\/li><li>Martina Rachl, Schriftf\u00fchrerin<\/li><li>Lara Rachl, Jugend und Sportkoordination<\/li><li>Sabrina Bernhard, Skikurskoordination<\/li><li>Konrad Eisenberger, Web-Seiten<\/li><\/ul>\n","protected":false},"excerpt":{"rendered":"<p>Die kleinste Abteilung des TSV Buchbach sind seit 1968 die Skifahrer, die sich nat\u00fcrlich im Winter bei Skikursen und Skirennen engagieren, aber auch im Sommer Nordic-Walking und Ausfl\u00fcge anbieten. Trotz seiner wenigen aktiven Rennl\u00e4ufer sind die Buchbacher auch im Landkreisvergleich und dar\u00fcber hinaus recht erfolgreich. In der Saison 2015 stellt der TSV Buchbach eine Rennl\u00e4uferin&#8230;<\/p>\n","protected":false},"author":2,"featured_media":0,"parent":0,"menu_order":0,"comment_status":"closed","ping_status":"closed","template":"","meta":{"footnotes":""},"class_list":["post-119","page","type-page","status-publish","hentry"],"_links":{"self":[{"href":"https:\/\/www.tsv-buchbach.de\/ski\/wp-json\/wp\/v2\/pages\/119","targetHints":{"allow":["GET"]}}],"collection":[{"href":"https:\/\/www.tsv-buchbach.de\/ski\/wp-json\/wp\/v2\/pages"}],"about":[{"href":"https:\/\/www.tsv-buchbach.de\/ski\/wp-json\/wp\/v2\/types\/page"}],"author":[{"embeddable":true,"href":"https:\/\/www.tsv-buchbach.de\/ski\/wp-json\/wp\/v2\/users\/2"}],"replies":[{"embeddable":true,"href":"https:\/\/www.tsv-buchbach.de\/ski\/wp-json\/wp\/v2\/comments?post=119"}],"version-history":[{"count":3,"href":"https:\/\/www.tsv-buchbach.de\/ski\/wp-json\/wp\/v2\/pages\/119\/revisions"}],"predecessor-version":[{"id":387,"href":"https:\/\/www.tsv-buchbach.de\/ski\/wp-json\/wp\/v2\/pages\/119\/revisions\/387"}],"wp:attachment":[{"href":"https:\/\/www.tsv-buchbach.de\/ski\/wp-json\/wp\/v2\/media?parent=119"}],"curies":[{"name":"wp","href":"https:\/\/api.w.org\/{rel}","templated":true}]}}