{"id":238,"date":"2020-03-21T09:05:32","date_gmt":"2020-03-21T08:05:32","guid":{"rendered":"https:\/\/www.tsv-buchbach.de\/ski\/?page_id=238"},"modified":"2025-11-19T13:19:44","modified_gmt":"2025-11-19T12:19:44","slug":"skikurse","status":"publish","type":"page","link":"https:\/\/www.tsv-buchbach.de\/ski\/skikurse\/","title":{"rendered":"Skikurse"},"content":{"rendered":"\n<figure class=\"wp-block-image size-large\"><img loading=\"lazy\" decoding=\"async\" width=\"1024\" height=\"75\" src=\"https:\/\/www.tsv-buchbach.de\/ski\/wp-content\/uploads\/sites\/5\/2020\/03\/tsv-buchbach-ski-header-1024x75.jpg\" alt=\"\" class=\"wp-image-174\" srcset=\"https:\/\/www.tsv-buchbach.de\/ski\/wp-content\/uploads\/sites\/5\/2020\/03\/tsv-buchbach-ski-header-1024x75.jpg 1024w, https:\/\/www.tsv-buchbach.de\/ski\/wp-content\/uploads\/sites\/5\/2020\/03\/tsv-buchbach-ski-header-300x22.jpg 300w, https:\/\/www.tsv-buchbach.de\/ski\/wp-content\/uploads\/sites\/5\/2020\/03\/tsv-buchbach-ski-header-768x56.jpg 768w, https:\/\/www.tsv-buchbach.de\/ski\/wp-content\/uploads\/sites\/5\/2020\/03\/tsv-buchbach-ski-header-1536x112.jpg 1536w, https:\/\/www.tsv-buchbach.de\/ski\/wp-content\/uploads\/sites\/5\/2020\/03\/tsv-buchbach-ski-header-128x9.jpg 128w, https:\/\/www.tsv-buchbach.de\/ski\/wp-content\/uploads\/sites\/5\/2020\/03\/tsv-buchbach-ski-header-32x2.jpg 32w, https:\/\/www.tsv-buchbach.de\/ski\/wp-content\/uploads\/sites\/5\/2020\/03\/tsv-buchbach-ski-header-98x7.jpg 98w, https:\/\/www.tsv-buchbach.de\/ski\/wp-content\/uploads\/sites\/5\/2020\/03\/tsv-buchbach-ski-header-600x44.jpg 600w, https:\/\/www.tsv-buchbach.de\/ski\/wp-content\/uploads\/sites\/5\/2020\/03\/tsv-buchbach-ski-header.jpg 1920w\" sizes=\"auto, (max-width: 1024px) 100vw, 1024px\" \/><\/figure>\n\n\n\n<p><strong> Termine 2024 und 2025: 28. und 29.12.2024 sowie 11. und 12.01.2025<\/strong><\/p>\n\n\n\n<figure class=\"wp-block-table\"><table><tbody><tr><td>Anf\u00e4nger = A<\/td><td>Absolute Anf\u00e4nger, noch nie auf Ski gestanden<\/td><\/tr><tr><td>Fortgeschrittene l = B<\/td><td>Pflug und Paralleles Fahren auf leichten Pisten, selbstst\u00e4ndig Liftfahren<\/td><\/tr><tr><td>Fortgeschrittene ll = C<\/td><td>Paralleles Fahren in unterschiedlichen Radien und h\u00f6herer<br> Geschwindigkeit<\/td><\/tr><tr><td>Fortgeschrittene lll = D<\/td><td>Fahren im steilen und schwierigen Gel\u00e4nde, Beherrschen<br> unterschiedlicher Bewegungsabl\u00e4ufe<\/td><\/tr><tr><td>Spezial-Fun = E<\/td><td>Anspruchsvolles Skifahren wie z.B. Tiefschnee, Buckelpiste,<br> Stangenfahren \u2026<\/td><\/tr><tr><td>Genie\u00dfer-Kurs = G<\/td><td>Begleitetes Fahren mit erfahrenem Guide; Kurs-Anmeldung spontan im Bus m\u00f6glich; <\/td><\/tr><tr><td><strong>Anmeldung bis<\/strong><\/td><td><strong>Samstag 21.12.2024<\/strong><\/td><\/tr><\/tbody><\/table><\/figure>\n\n\n\n<p>Anmeldung \u00fcber das Formular:<\/p>\n\n\n\n<div data-wp-interactive=\"core\/file\" class=\"wp-block-file\"><object data-wp-bind--hidden=\"!state.hasPdfPreview\" hidden class=\"wp-block-file__embed\" data=\"https:\/\/www.tsv-buchbach.de\/ski\/wp-content\/uploads\/sites\/5\/2025\/11\/Skikurs-Vorderseite_2025.pdf\" type=\"application\/pdf\" style=\"width:100%;height:600px\" aria-label=\"Einbettung von Skikurs-Vorderseite_2025.\"><\/object><a id=\"wp-block-file--media-69750e72-8a89-4b49-9a73-97bc2796d4c5\" href=\"https:\/\/www.tsv-buchbach.de\/ski\/wp-content\/uploads\/sites\/5\/2025\/11\/Skikurs-Vorderseite_2025.pdf\">Skikurs-Vorderseite_2025<\/a><a href=\"https:\/\/www.tsv-buchbach.de\/ski\/wp-content\/uploads\/sites\/5\/2025\/11\/Skikurs-Vorderseite_2025.pdf\" class=\"wp-block-file__button wp-element-button\" download aria-describedby=\"wp-block-file--media-69750e72-8a89-4b49-9a73-97bc2796d4c5\">Herunterladen<\/a><\/div>\n\n\n\n<div data-wp-interactive=\"core\/file\" class=\"wp-block-file\"><object data-wp-bind--hidden=\"!state.hasPdfPreview\" hidden class=\"wp-block-file__embed\" data=\"https:\/\/www.tsv-buchbach.de\/ski\/wp-content\/uploads\/sites\/5\/2025\/11\/Skikurs-Rueckseite_2025.pdf\" type=\"application\/pdf\" style=\"width:100%;height:600px\" aria-label=\"Einbettung von Skikurs-R\u00fcckseite_2025.\"><\/object><a id=\"wp-block-file--media-d947db28-fa58-4a5f-b8b8-ca000ed5bc9e\" href=\"https:\/\/www.tsv-buchbach.de\/ski\/wp-content\/uploads\/sites\/5\/2025\/11\/Skikurs-Rueckseite_2025.pdf\">Skikurs-R\u00fcckseite_2025<\/a><a href=\"https:\/\/www.tsv-buchbach.de\/ski\/wp-content\/uploads\/sites\/5\/2025\/11\/Skikurs-Rueckseite_2025.pdf\" class=\"wp-block-file__button wp-element-button\" download aria-describedby=\"wp-block-file--media-d947db28-fa58-4a5f-b8b8-ca000ed5bc9e\">Herunterladen<\/a><\/div>\n","protected":false},"excerpt":{"rendered":"<p>Termine 2024 und 2025: 28. und 29.12.2024 sowie 11. und 12.01.2025 Anf\u00e4nger = A Absolute Anf\u00e4nger, noch nie auf Ski gestanden Fortgeschrittene l = B Pflug und Paralleles Fahren auf leichten Pisten, selbstst\u00e4ndig Liftfahren Fortgeschrittene ll = C Paralleles Fahren in unterschiedlichen Radien und h\u00f6herer Geschwindigkeit Fortgeschrittene lll = D Fahren im steilen und schwierigen&#8230;<\/p>\n","protected":false},"author":2,"featured_media":267,"parent":0,"menu_order":0,"comment_status":"closed","ping_status":"closed","template":"","meta":{"footnotes":""},"class_list":["post-238","page","type-page","status-publish","has-post-thumbnail","hentry"],"_links":{"self":[{"href":"https:\/\/www.tsv-buchbach.de\/ski\/wp-json\/wp\/v2\/pages\/238","targetHints":{"allow":["GET"]}}],"collection":[{"href":"https:\/\/www.tsv-buchbach.de\/ski\/wp-json\/wp\/v2\/pages"}],"about":[{"href":"https:\/\/www.tsv-buchbach.de\/ski\/wp-json\/wp\/v2\/types\/page"}],"author":[{"embeddable":true,"href":"https:\/\/www.tsv-buchbach.de\/ski\/wp-json\/wp\/v2\/users\/2"}],"replies":[{"embeddable":true,"href":"https:\/\/www.tsv-buchbach.de\/ski\/wp-json\/wp\/v2\/comments?post=238"}],"version-history":[{"count":16,"href":"https:\/\/www.tsv-buchbach.de\/ski\/wp-json\/wp\/v2\/pages\/238\/revisions"}],"predecessor-version":[{"id":1039,"href":"https:\/\/www.tsv-buchbach.de\/ski\/wp-json\/wp\/v2\/pages\/238\/revisions\/1039"}],"wp:featuredmedia":[{"embeddable":true,"href":"https:\/\/www.tsv-buchbach.de\/ski\/wp-json\/wp\/v2\/media\/267"}],"wp:attachment":[{"href":"https:\/\/www.tsv-buchbach.de\/ski\/wp-json\/wp\/v2\/media?parent=238"}],"curies":[{"name":"wp","href":"https:\/\/api.w.org\/{rel}","templated":true}]}}