{"id":244,"date":"2020-03-21T09:06:21","date_gmt":"2020-03-21T08:06:21","guid":{"rendered":"https:\/\/www.tsv-buchbach.de\/ski\/?page_id=244"},"modified":"2020-06-08T07:34:31","modified_gmt":"2020-06-08T05:34:31","slug":"nordic-walking","status":"publish","type":"page","link":"https:\/\/www.tsv-buchbach.de\/ski\/nordic-walking\/","title":{"rendered":"Nordic Walking"},"content":{"rendered":"\n<p> findet erstmals am Mittwoch 10.06.2020 um 18.00 Uhr an der Turnhalle. <\/p>\n\n\n\n<p>Ob es bei Mittwoch bleibt m\u00fcssen wir erst mal sehen. Bei Interesse w\u00e4re es gut sich bei mir zu melden unter 0151 51921046 oder <a href=\"mailto:mv@vitzthum.net\">mv@vitzthum.net<\/a>. Wir haben eine Walking-WhatsApp-Gruppe \u00fcber die informiert wird wenn sich was \u00e4ndert oder die Stunde wetterbedingt ausf\u00e4llt. <\/p>\n","protected":false},"excerpt":{"rendered":"<p>findet erstmals am Mittwoch 10.06.2020 um 18.00 Uhr an der Turnhalle. Ob es bei Mittwoch bleibt m\u00fcssen wir erst mal sehen. Bei Interesse w\u00e4re es gut sich bei mir zu melden unter 0151 51921046 oder mv@vitzthum.net. Wir haben eine Walking-WhatsApp-Gruppe \u00fcber die informiert wird wenn sich was \u00e4ndert oder die Stunde wetterbedingt ausf\u00e4llt.<\/p>\n","protected":false},"author":2,"featured_media":0,"parent":0,"menu_order":0,"comment_status":"closed","ping_status":"closed","template":"","meta":{"footnotes":""},"class_list":["post-244","page","type-page","status-publish","hentry"],"_links":{"self":[{"href":"https:\/\/www.tsv-buchbach.de\/ski\/wp-json\/wp\/v2\/pages\/244","targetHints":{"allow":["GET"]}}],"collection":[{"href":"https:\/\/www.tsv-buchbach.de\/ski\/wp-json\/wp\/v2\/pages"}],"about":[{"href":"https:\/\/www.tsv-buchbach.de\/ski\/wp-json\/wp\/v2\/types\/page"}],"author":[{"embeddable":true,"href":"https:\/\/www.tsv-buchbach.de\/ski\/wp-json\/wp\/v2\/users\/2"}],"replies":[{"embeddable":true,"href":"https:\/\/www.tsv-buchbach.de\/ski\/wp-json\/wp\/v2\/comments?post=244"}],"version-history":[{"count":3,"href":"https:\/\/www.tsv-buchbach.de\/ski\/wp-json\/wp\/v2\/pages\/244\/revisions"}],"predecessor-version":[{"id":373,"href":"https:\/\/www.tsv-buchbach.de\/ski\/wp-json\/wp\/v2\/pages\/244\/revisions\/373"}],"wp:attachment":[{"href":"https:\/\/www.tsv-buchbach.de\/ski\/wp-json\/wp\/v2\/media?parent=244"}],"curies":[{"name":"wp","href":"https:\/\/api.w.org\/{rel}","templated":true}]}}