{"id":121,"date":"2020-03-02T21:59:37","date_gmt":"2020-03-02T20:59:37","guid":{"rendered":"https:\/\/www.tsv-buchbach.de\/turnen\/?page_id=121"},"modified":"2025-10-30T08:20:44","modified_gmt":"2025-10-30T07:20:44","slug":"elternkindturnen","status":"publish","type":"page","link":"https:\/\/www.tsv-buchbach.de\/turnen\/elternkindturnen\/","title":{"rendered":"Eltern-Kind Turnen"},"content":{"rendered":"<p>[vc_row][vc_column][vc_column_text]<\/p>\r\n\r\n\r\n\r\n<h1 class=\"has-vivid-red-color has-text-color has-large-font-size wp-block-heading\" style=\"font-style: normal;font-weight: 400\">Eltern-Kind Turnen<\/h1>\r\n\r\n<p>Eltern-Kind-Turnen ist Bewegung und Spa\u00df beim gemeinsamen Spielen und Turnen f\u00fcr Kinder von 1 -4 Jahren. Die Kinder werden spielerisch an die verschiedenen Bewegungsformen herangef\u00fchrt. Im Vordergrund stehen beim Eltern-Kind-Turnen der Spa\u00df an der Bewegung und das gemeinsame Ausprobieren neuer Spielm\u00f6glichkeiten.<\/p>\r\n\r\n\r\n\r\n<figure class=\"wp-block-image\"><img decoding=\"async\" src=\"https:\/\/www.tsv-buchbach.de\/turnen\/wp-content\/uploads\/sites\/8\/2023\/01\/mutterkind_600x400.png\" alt=\"Dieses Bild hat ein leeres Alt-Attribut. Der Dateiname ist mutterkind_600x400.png\" \/><\/figure>\r\n\r\n<p>Mittwoch von 15:30 Uhr bis 16:30 Uhr<\/p>\r\n<p>\u00dcbungsleiter: Carina Dein, Maria Mottinger und Lena Geisberger<\/p>\r\n\r\n\r\n\r\n<p><img loading=\"lazy\" decoding=\"async\" class=\"alignnone wp-image-1564\" src=\"https:\/\/www.tsv-buchbach.de\/turnen\/wp-content\/uploads\/sites\/8\/2024\/09\/2024-09-Foto-Eltern-Kind-Turnen-neues-Team-klein-300x229.jpg\" alt=\"\" width=\"503\" height=\"384\" srcset=\"https:\/\/www.tsv-buchbach.de\/turnen\/wp-content\/uploads\/sites\/8\/2024\/09\/2024-09-Foto-Eltern-Kind-Turnen-neues-Team-klein-300x229.jpg 300w, https:\/\/www.tsv-buchbach.de\/turnen\/wp-content\/uploads\/sites\/8\/2024\/09\/2024-09-Foto-Eltern-Kind-Turnen-neues-Team-klein-1024x780.jpg 1024w, https:\/\/www.tsv-buchbach.de\/turnen\/wp-content\/uploads\/sites\/8\/2024\/09\/2024-09-Foto-Eltern-Kind-Turnen-neues-Team-klein-768x585.jpg 768w, https:\/\/www.tsv-buchbach.de\/turnen\/wp-content\/uploads\/sites\/8\/2024\/09\/2024-09-Foto-Eltern-Kind-Turnen-neues-Team-klein-1536x1170.jpg 1536w, https:\/\/www.tsv-buchbach.de\/turnen\/wp-content\/uploads\/sites\/8\/2024\/09\/2024-09-Foto-Eltern-Kind-Turnen-neues-Team-klein-128x97.jpg 128w, https:\/\/www.tsv-buchbach.de\/turnen\/wp-content\/uploads\/sites\/8\/2024\/09\/2024-09-Foto-Eltern-Kind-Turnen-neues-Team-klein-32x24.jpg 32w, https:\/\/www.tsv-buchbach.de\/turnen\/wp-content\/uploads\/sites\/8\/2024\/09\/2024-09-Foto-Eltern-Kind-Turnen-neues-Team-klein-98x75.jpg 98w, https:\/\/www.tsv-buchbach.de\/turnen\/wp-content\/uploads\/sites\/8\/2024\/09\/2024-09-Foto-Eltern-Kind-Turnen-neues-Team-klein-600x457.jpg 600w, https:\/\/www.tsv-buchbach.de\/turnen\/wp-content\/uploads\/sites\/8\/2024\/09\/2024-09-Foto-Eltern-Kind-Turnen-neues-Team-klein.jpg 1603w\" sizes=\"auto, (max-width: 503px) 100vw, 503px\" \/><\/p>\r\n<p>[\/vc_column_text][\/vc_column][\/vc_row]<\/p>","protected":false},"excerpt":{"rendered":"<p>[vc_row][vc_column][vc_column_text] Eltern-Kind Turnen Eltern-Kind-Turnen ist Bewegung und Spa\u00df beim gemeinsamen Spielen und Turnen f\u00fcr Kinder von 1 -4 Jahren. Die Kinder werden spielerisch an die verschiedenen Bewegungsformen herangef\u00fchrt. Im Vordergrund stehen beim Eltern-Kind-Turnen der Spa\u00df an der Bewegung und das gemeinsame Ausprobieren neuer Spielm\u00f6glichkeiten. Mittwoch von 15:30 Uhr bis 16:30 Uhr \u00dcbungsleiter: Carina Dein, Maria&#8230;<\/p>\n","protected":false},"author":2,"featured_media":0,"parent":0,"menu_order":0,"comment_status":"closed","ping_status":"closed","template":"","meta":{"footnotes":""},"class_list":["post-121","page","type-page","status-publish","hentry"],"_links":{"self":[{"href":"https:\/\/www.tsv-buchbach.de\/turnen\/wp-json\/wp\/v2\/pages\/121","targetHints":{"allow":["GET"]}}],"collection":[{"href":"https:\/\/www.tsv-buchbach.de\/turnen\/wp-json\/wp\/v2\/pages"}],"about":[{"href":"https:\/\/www.tsv-buchbach.de\/turnen\/wp-json\/wp\/v2\/types\/page"}],"author":[{"embeddable":true,"href":"https:\/\/www.tsv-buchbach.de\/turnen\/wp-json\/wp\/v2\/users\/2"}],"replies":[{"embeddable":true,"href":"https:\/\/www.tsv-buchbach.de\/turnen\/wp-json\/wp\/v2\/comments?post=121"}],"version-history":[{"count":45,"href":"https:\/\/www.tsv-buchbach.de\/turnen\/wp-json\/wp\/v2\/pages\/121\/revisions"}],"predecessor-version":[{"id":1922,"href":"https:\/\/www.tsv-buchbach.de\/turnen\/wp-json\/wp\/v2\/pages\/121\/revisions\/1922"}],"wp:attachment":[{"href":"https:\/\/www.tsv-buchbach.de\/turnen\/wp-json\/wp\/v2\/media?parent=121"}],"curies":[{"name":"wp","href":"https:\/\/api.w.org\/{rel}","templated":true}]}}