{"id":123,"date":"2020-03-02T22:00:11","date_gmt":"2020-03-02T21:00:11","guid":{"rendered":"https:\/\/www.tsv-buchbach.de\/turnen\/?page_id=123"},"modified":"2023-03-24T01:02:09","modified_gmt":"2023-03-24T00:02:09","slug":"mitgliedschaft","status":"publish","type":"page","link":"https:\/\/www.tsv-buchbach.de\/turnen\/mitgliedschaft\/","title":{"rendered":"Mitgliedschaft"},"content":{"rendered":"<p>[vc_row][vc_column][vc_column_text]<\/p>\r\n\r\n<p>&nbsp;<\/p>\r\n\r\n<h1 class=\"has-vivid-red-color has-text-color has-large-font-size wp-block-heading\" style=\"font-style: normal;font-weight: 400\">Mitgliedschaft<\/h1>\r\n<p>\u00a0<\/p>\r\n<!-- \/wp:post-content -->\r\n<p><!-- wp:paragraph -->Die Mitgliedschaft im TSV Buchbach erm\u00f6glicht die Teilnahme an den Kursen der Turnabteilung.<\/p>\r\n<!-- \/wp:paragraph -->\r\n<p><!-- wp:paragraph -->F\u00fcr einzelne Kurse sind zus\u00e4tzliche Kursgeb\u00fchren in Form von Zehnerkarten zu entrichten. Hier ist aber gerne jeweils eine Schnupperstunde m\u00f6glich.<\/p>\r\n<!-- \/wp:paragraph -->\r\n<p><!-- wp:paragraph -->Weitere Informationen jederzeit gerne bei der Abteilungsleitung, den \u00dcbungsleitern und \u00fcber das Kontaktformular.<\/p>\r\n<!-- \/wp:paragraph -->\r\n<p><!-- wp:paragraph --><a href=\"https:\/\/www.tsv-buchbach.de\/mitgliedschaft\/\">Hier<\/a> geht&#8217;s zu den Mitgliedsbeitr\u00e4gen und Formularen.<\/p>\r\n<p>[\/vc_column_text][\/vc_column][vc_column][\/vc_column][\/vc_row]<\/p>","protected":false},"excerpt":{"rendered":"<p>[vc_row][vc_column][vc_column_text] &nbsp; Mitgliedschaft \u00a0 Die Mitgliedschaft im TSV Buchbach erm\u00f6glicht die Teilnahme an den Kursen der Turnabteilung. F\u00fcr einzelne Kurse sind zus\u00e4tzliche Kursgeb\u00fchren in Form von Zehnerkarten zu entrichten. Hier ist aber gerne jeweils eine Schnupperstunde m\u00f6glich. Weitere Informationen jederzeit gerne bei der Abteilungsleitung, den \u00dcbungsleitern und \u00fcber das Kontaktformular. Hier geht&#8217;s zu den Mitgliedsbeitr\u00e4gen&#8230;<\/p>\n","protected":false},"author":2,"featured_media":0,"parent":0,"menu_order":0,"comment_status":"closed","ping_status":"closed","template":"","meta":{"footnotes":""},"class_list":["post-123","page","type-page","status-publish","hentry"],"_links":{"self":[{"href":"https:\/\/www.tsv-buchbach.de\/turnen\/wp-json\/wp\/v2\/pages\/123","targetHints":{"allow":["GET"]}}],"collection":[{"href":"https:\/\/www.tsv-buchbach.de\/turnen\/wp-json\/wp\/v2\/pages"}],"about":[{"href":"https:\/\/www.tsv-buchbach.de\/turnen\/wp-json\/wp\/v2\/types\/page"}],"author":[{"embeddable":true,"href":"https:\/\/www.tsv-buchbach.de\/turnen\/wp-json\/wp\/v2\/users\/2"}],"replies":[{"embeddable":true,"href":"https:\/\/www.tsv-buchbach.de\/turnen\/wp-json\/wp\/v2\/comments?post=123"}],"version-history":[{"count":10,"href":"https:\/\/www.tsv-buchbach.de\/turnen\/wp-json\/wp\/v2\/pages\/123\/revisions"}],"predecessor-version":[{"id":970,"href":"https:\/\/www.tsv-buchbach.de\/turnen\/wp-json\/wp\/v2\/pages\/123\/revisions\/970"}],"wp:attachment":[{"href":"https:\/\/www.tsv-buchbach.de\/turnen\/wp-json\/wp\/v2\/media?parent=123"}],"curies":[{"name":"wp","href":"https:\/\/api.w.org\/{rel}","templated":true}]}}