{"id":240,"date":"2020-03-21T09:05:48","date_gmt":"2020-03-21T08:05:48","guid":{"rendered":"https:\/\/www.tsv-buchbach.de\/turnen\/?page_id=240"},"modified":"2025-10-30T08:28:52","modified_gmt":"2025-10-30T07:28:52","slug":"balanceswing","status":"publish","type":"page","link":"https:\/\/www.tsv-buchbach.de\/turnen\/balanceswing\/","title":{"rendered":"Balance Swing"},"content":{"rendered":"<p>[vc_row][vc_column][vc_column_text]<\/p>\r\n\r\n<p>&nbsp;<\/p>\r\n<h2 class=\"has-vivid-red-color has-text-color has-large-font-size wp-block-heading\" style=\"font-style: normal;font-weight: 400\">Balance Swing<\/h2>\r\n\r\n<p>Balance Swing umfasst verschiedene Abschnitte: Herz-Kreislauf, Balance, Kraft, Koordination und Entspannung \u2013 alles in einem Programm!<br \/>Im ersten Teil, dem sogenannten Swing IN, schwingen K\u00f6rper und Geist auf das Training ein und man baut ein Gef\u00fchl f\u00fcr die Bewegung auf dem Trampolin auf.<\/p>\r\n\r\n<p>Darauf folgt ein fettverbrennender Cardio-Teil, bei dem mit einer unkomplizierten, aber effektiven Choreografie die \u00fcberfl\u00fcssigen Fettp\u00f6lsterchen schmelzen.<\/p>\r\n\r\n<p>Die n\u00e4chsten beiden Trainingsabschnitte haben weniger Tempo, daf\u00fcr aber mehr Intensit\u00e4t. Hier werden die Muskeln f\u00fcr einen sch\u00f6nen und straffen K\u00f6rper trainiert: Balance Stability st\u00e4rkt die st\u00fctzende Tiefenmuskulatur, w\u00e4hrend Balance Workout f\u00fcr sch\u00f6ne Kurven bei der Figur sorgt. Hier zeigt sich die Effektivit\u00e4t des Trampolins besonders. Durch die weiche Sprungmatte wird bei Sit-ups, Liegest\u00fctzen &amp; Co. nicht nur das Training intensiver, sondern gleichzeitig die st\u00fctzende Core-Muskulatur stimuliert.<\/p>\r\n\r\n<p>Der letzte Abschnitt widmet sich ganz der mentalen Ausgeglichenheit: Bei Balance Relax klingt das Training aus. K\u00f6rper und Geist erholen sich vom stressigen Alltag und die neu getankte Energie kann sich ausbreiten.<\/p>\r\n\r\n\r\n\r\n<figure><\/figure>\r\n<figure><\/figure>\r\n<figure class=\"wp-block-image size-large\"><img loading=\"lazy\" decoding=\"async\" width=\"1024\" height=\"683\" class=\"wp-image-978\" src=\"https:\/\/www.tsv-buchbach.de\/turnen\/wp-content\/uploads\/sites\/8\/2023\/03\/Balance_Swing-Gruppenkurs-01-1024x683.jpg\" alt=\"\" srcset=\"https:\/\/www.tsv-buchbach.de\/turnen\/wp-content\/uploads\/sites\/8\/2023\/03\/Balance_Swing-Gruppenkurs-01-1024x683.jpg 1024w, https:\/\/www.tsv-buchbach.de\/turnen\/wp-content\/uploads\/sites\/8\/2023\/03\/Balance_Swing-Gruppenkurs-01-300x200.jpg 300w, https:\/\/www.tsv-buchbach.de\/turnen\/wp-content\/uploads\/sites\/8\/2023\/03\/Balance_Swing-Gruppenkurs-01-768x512.jpg 768w, https:\/\/www.tsv-buchbach.de\/turnen\/wp-content\/uploads\/sites\/8\/2023\/03\/Balance_Swing-Gruppenkurs-01-1536x1024.jpg 1536w, https:\/\/www.tsv-buchbach.de\/turnen\/wp-content\/uploads\/sites\/8\/2023\/03\/Balance_Swing-Gruppenkurs-01-2048x1365.jpg 2048w, https:\/\/www.tsv-buchbach.de\/turnen\/wp-content\/uploads\/sites\/8\/2023\/03\/Balance_Swing-Gruppenkurs-01-128x85.jpg 128w, https:\/\/www.tsv-buchbach.de\/turnen\/wp-content\/uploads\/sites\/8\/2023\/03\/Balance_Swing-Gruppenkurs-01-32x21.jpg 32w, https:\/\/www.tsv-buchbach.de\/turnen\/wp-content\/uploads\/sites\/8\/2023\/03\/Balance_Swing-Gruppenkurs-01-360x240.jpg 360w, https:\/\/www.tsv-buchbach.de\/turnen\/wp-content\/uploads\/sites\/8\/2023\/03\/Balance_Swing-Gruppenkurs-01-98x65.jpg 98w, https:\/\/www.tsv-buchbach.de\/turnen\/wp-content\/uploads\/sites\/8\/2023\/03\/Balance_Swing-Gruppenkurs-01-600x400.jpg 600w\" sizes=\"auto, (max-width: 1024px) 100vw, 1024px\" \/><\/figure>\r\n<p>&nbsp;<\/p>\r\n\r\n<p>Mittwoch von 17:00 Uhr &#8211; 18:00 Uhr\u00a0<\/p>\r\n\r\n<p>\u00dcbungsleiterin: Astrid B\u00f6gl<\/p>\r\n\r\n<p>10&#8217;er Karte \u00e1 60 Minuten und weitere Informationen<br \/>erh\u00e4ltlich bei der \u00dcbungsleiterin<\/p>\r\n\r\n<p><a href=\"https:\/\/www.supersaas.de\/schedule\/TSV_Buchbach_Turnen\/Kurse\">Hier<\/a> geht&#8217;s zur Trampolin-Reservierung<\/p>\r\n\r\n<p>&nbsp;<\/p>\r\n<p>[\/vc_column_text][\/vc_column][\/vc_row]<\/p>","protected":false},"excerpt":{"rendered":"<p>[vc_row][vc_column][vc_column_text] &nbsp; Balance Swing Balance Swing umfasst verschiedene Abschnitte: Herz-Kreislauf, Balance, Kraft, Koordination und Entspannung \u2013 alles in einem Programm!Im ersten Teil, dem sogenannten Swing IN, schwingen K\u00f6rper und Geist auf das Training ein und man baut ein Gef\u00fchl f\u00fcr die Bewegung auf dem Trampolin auf. Darauf folgt ein fettverbrennender Cardio-Teil, bei dem mit einer&#8230;<\/p>\n","protected":false},"author":2,"featured_media":0,"parent":0,"menu_order":0,"comment_status":"closed","ping_status":"closed","template":"","meta":{"footnotes":""},"class_list":["post-240","page","type-page","status-publish","hentry"],"_links":{"self":[{"href":"https:\/\/www.tsv-buchbach.de\/turnen\/wp-json\/wp\/v2\/pages\/240","targetHints":{"allow":["GET"]}}],"collection":[{"href":"https:\/\/www.tsv-buchbach.de\/turnen\/wp-json\/wp\/v2\/pages"}],"about":[{"href":"https:\/\/www.tsv-buchbach.de\/turnen\/wp-json\/wp\/v2\/types\/page"}],"author":[{"embeddable":true,"href":"https:\/\/www.tsv-buchbach.de\/turnen\/wp-json\/wp\/v2\/users\/2"}],"replies":[{"embeddable":true,"href":"https:\/\/www.tsv-buchbach.de\/turnen\/wp-json\/wp\/v2\/comments?post=240"}],"version-history":[{"count":14,"href":"https:\/\/www.tsv-buchbach.de\/turnen\/wp-json\/wp\/v2\/pages\/240\/revisions"}],"predecessor-version":[{"id":1925,"href":"https:\/\/www.tsv-buchbach.de\/turnen\/wp-json\/wp\/v2\/pages\/240\/revisions\/1925"}],"wp:attachment":[{"href":"https:\/\/www.tsv-buchbach.de\/turnen\/wp-json\/wp\/v2\/media?parent=240"}],"curies":[{"name":"wp","href":"https:\/\/api.w.org\/{rel}","templated":true}]}}