{"id":604,"date":"2022-11-15T11:17:41","date_gmt":"2022-11-15T10:17:41","guid":{"rendered":"https:\/\/www.tsv-buchbach.de\/turnen\/?page_id=604"},"modified":"2024-10-11T09:20:05","modified_gmt":"2024-10-11T07:20:05","slug":"fitundfun","status":"publish","type":"page","link":"https:\/\/www.tsv-buchbach.de\/turnen\/fitundfun\/","title":{"rendered":"Fit &amp; Fun"},"content":{"rendered":"<p>[vc_row][vc_column][vc_column_text]<\/p>\r\n\r\n<p>&nbsp;<\/p>\r\n<h2 class=\"has-vivid-red-color has-text-color has-large-font-size wp-block-heading\" style=\"font-style: normal;font-weight: 500\">Fit &amp; Fun<\/h2>\r\n\r\n<p>Fit und Fun ist eine abwechslungsreiche \u00dcbungsstunde mit Musik. Dabei geht es vor allem um<br \/>Spa\u00df an der Bewegung. Durch Einsatz verschiedener Kleinger\u00e4te (wie z.B. Theraband, Step,<br \/>Redondoball, Pezziball, Hantel und \u2026\u2026.) findet ein Ganz-K\u00f6rper-Training statt.<br \/>Einfach vorbeikommen &#8211; ohne Anmeldung &#8211; und reinschnuppern.<\/p>\r\n\r\n<p>&nbsp;<\/p>\r\n\r\n<figure class=\"wp-block-image size-full is-resized\"><img loading=\"lazy\" decoding=\"async\" class=\"aligncenter wp-image-1002 size-large\" src=\"https:\/\/www.tsv-buchbach.de\/turnen\/wp-content\/uploads\/sites\/8\/2023\/03\/20230123_161518a-1024x683.jpg\" alt=\"\" width=\"1024\" height=\"683\" srcset=\"https:\/\/www.tsv-buchbach.de\/turnen\/wp-content\/uploads\/sites\/8\/2023\/03\/20230123_161518a-1024x683.jpg 1024w, https:\/\/www.tsv-buchbach.de\/turnen\/wp-content\/uploads\/sites\/8\/2023\/03\/20230123_161518a-300x200.jpg 300w, https:\/\/www.tsv-buchbach.de\/turnen\/wp-content\/uploads\/sites\/8\/2023\/03\/20230123_161518a-768x512.jpg 768w, https:\/\/www.tsv-buchbach.de\/turnen\/wp-content\/uploads\/sites\/8\/2023\/03\/20230123_161518a-1536x1024.jpg 1536w, https:\/\/www.tsv-buchbach.de\/turnen\/wp-content\/uploads\/sites\/8\/2023\/03\/20230123_161518a-2048x1366.jpg 2048w, https:\/\/www.tsv-buchbach.de\/turnen\/wp-content\/uploads\/sites\/8\/2023\/03\/20230123_161518a-128x85.jpg 128w, https:\/\/www.tsv-buchbach.de\/turnen\/wp-content\/uploads\/sites\/8\/2023\/03\/20230123_161518a-32x21.jpg 32w, https:\/\/www.tsv-buchbach.de\/turnen\/wp-content\/uploads\/sites\/8\/2023\/03\/20230123_161518a-360x240.jpg 360w, https:\/\/www.tsv-buchbach.de\/turnen\/wp-content\/uploads\/sites\/8\/2023\/03\/20230123_161518a-98x65.jpg 98w, https:\/\/www.tsv-buchbach.de\/turnen\/wp-content\/uploads\/sites\/8\/2023\/03\/20230123_161518a-600x400.jpg 600w\" sizes=\"auto, (max-width: 1024px) 100vw, 1024px\" \/><\/figure>\r\n\r\n<p>Trainerin: Sabine L\u00fcbeck<\/p>\r\n<p>Mittwoch 08:45 &#8211; 9:45 Uhr<\/p>\r\n<p>\u00a0<\/p>\r\n<p>[\/vc_column_text][\/vc_column][\/vc_row]<\/p>","protected":false},"excerpt":{"rendered":"<p>[vc_row][vc_column][vc_column_text] &nbsp; Fit &amp; Fun Fit und Fun ist eine abwechslungsreiche \u00dcbungsstunde mit Musik. Dabei geht es vor allem umSpa\u00df an der Bewegung. Durch Einsatz verschiedener Kleinger\u00e4te (wie z.B. Theraband, Step,Redondoball, Pezziball, Hantel und \u2026\u2026.) findet ein Ganz-K\u00f6rper-Training statt.Einfach vorbeikommen &#8211; ohne Anmeldung &#8211; und reinschnuppern. &nbsp; Trainerin: Sabine L\u00fcbeck Mittwoch 08:45 &#8211; 9:45 Uhr&#8230;<\/p>\n","protected":false},"author":1,"featured_media":0,"parent":0,"menu_order":0,"comment_status":"closed","ping_status":"closed","template":"","meta":{"footnotes":""},"class_list":["post-604","page","type-page","status-publish","hentry"],"_links":{"self":[{"href":"https:\/\/www.tsv-buchbach.de\/turnen\/wp-json\/wp\/v2\/pages\/604","targetHints":{"allow":["GET"]}}],"collection":[{"href":"https:\/\/www.tsv-buchbach.de\/turnen\/wp-json\/wp\/v2\/pages"}],"about":[{"href":"https:\/\/www.tsv-buchbach.de\/turnen\/wp-json\/wp\/v2\/types\/page"}],"author":[{"embeddable":true,"href":"https:\/\/www.tsv-buchbach.de\/turnen\/wp-json\/wp\/v2\/users\/1"}],"replies":[{"embeddable":true,"href":"https:\/\/www.tsv-buchbach.de\/turnen\/wp-json\/wp\/v2\/comments?post=604"}],"version-history":[{"count":17,"href":"https:\/\/www.tsv-buchbach.de\/turnen\/wp-json\/wp\/v2\/pages\/604\/revisions"}],"predecessor-version":[{"id":1603,"href":"https:\/\/www.tsv-buchbach.de\/turnen\/wp-json\/wp\/v2\/pages\/604\/revisions\/1603"}],"wp:attachment":[{"href":"https:\/\/www.tsv-buchbach.de\/turnen\/wp-json\/wp\/v2\/media?parent=604"}],"curies":[{"name":"wp","href":"https:\/\/api.w.org\/{rel}","templated":true}]}}